{"id":25099,"date":"2022-06-24T14:27:25","date_gmt":"2022-06-24T12:27:25","guid":{"rendered":"http:\/\/www.hapy-com.fr\/echoppe\/product\/lampe-myrto-2\/"},"modified":"2022-06-24T14:27:25","modified_gmt":"2022-06-24T12:27:25","slug":"lampe-myrto-2","status":"publish","type":"product","link":"https:\/\/www.hapy-com.fr\/echoppe\/product\/lampe-myrto-2\/","title":{"rendered":"Lampe Myrto"},"content":{"rendered":"<p>Lampe de poche \u00e0 fixer sur une barre avec 2 LED et 3 positions d\u00b4\u00e9clairage. Corps propos\u00e9 en couleurs vives et finition en silicone doux. R\u00e9glage tr\u00e8s simple.. Pile bouton incluse.Livr\u00e9e dans une bo\u00eete individuelle.<\/p>\n","protected":false},"excerpt":{"rendered":"<p>Lampe de poche \u00e0 fixer sur une barre avec 2 LED et 3 positions d\u00b4\u00e9clairage. Corps propos\u00e9 en couleurs vives et finition en silicone doux. R\u00e9glage tr\u00e8s simple.. Pile bouton&#8230;<\/p>\n","protected":false},"featured_media":25098,"template":"","meta":[],"product_cat":[364],"product_tag":[],"class_list":{"0":"post-25099","1":"product","2":"type-product","3":"status-publish","4":"has-post-thumbnail","6":"product_cat-sport-et-aventure","8":"first","9":"instock","10":"shipping-taxable","11":"purchasable","12":"product-type-simple"},"_links":{"self":[{"href":"https:\/\/www.hapy-com.fr\/echoppe\/wp-json\/wp\/v2\/product\/25099","targetHints":{"allow":["GET"]}}],"collection":[{"href":"https:\/\/www.hapy-com.fr\/echoppe\/wp-json\/wp\/v2\/product"}],"about":[{"href":"https:\/\/www.hapy-com.fr\/echoppe\/wp-json\/wp\/v2\/types\/product"}],"wp:featuredmedia":[{"embeddable":true,"href":"https:\/\/www.hapy-com.fr\/echoppe\/wp-json\/wp\/v2\/media\/25098"}],"wp:attachment":[{"href":"https:\/\/www.hapy-com.fr\/echoppe\/wp-json\/wp\/v2\/media?parent=25099"}],"wp:term":[{"taxonomy":"product_cat","embeddable":true,"href":"https:\/\/www.hapy-com.fr\/echoppe\/wp-json\/wp\/v2\/product_cat?post=25099"},{"taxonomy":"product_tag","embeddable":true,"href":"https:\/\/www.hapy-com.fr\/echoppe\/wp-json\/wp\/v2\/product_tag?post=25099"}],"curies":[{"name":"wp","href":"https:\/\/api.w.org\/{rel}","templated":true}]}}