{"id":25103,"date":"2022-06-24T14:27:28","date_gmt":"2022-06-24T12:27:28","guid":{"rendered":"http:\/\/www.hapy-com.fr\/echoppe\/product\/multi-outils-talos\/"},"modified":"2022-06-24T14:27:28","modified_gmt":"2022-06-24T12:27:28","slug":"multi-outils-talos","status":"publish","type":"product","link":"https:\/\/www.hapy-com.fr\/echoppe\/product\/multi-outils-talos\/","title":{"rendered":"Multi Outils Talos"},"content":{"rendered":"<p>Outil multifonctions avec finition antid\u00e9rapante en coloris m\u00e9tallis\u00e9. Avec 12 fonctions et lampe de 4 LED int\u00e9gr\u00e9e. Comprend: des t\u00eates de tournevis, couteaux, cl\u00e9s, ciseaux et outils d\u00b4ouverture. Pr\u00e9sent\u00e9 en boite individuelle. Pile 1 x AAA non incluse.<\/p>\n","protected":false},"excerpt":{"rendered":"<p>Outil multifonctions avec finition antid\u00e9rapante en coloris m\u00e9tallis\u00e9. Avec 12 fonctions et lampe de 4 LED int\u00e9gr\u00e9e. Comprend: des t\u00eates de tournevis, couteaux, cl\u00e9s, ciseaux et outils d\u00b4ouverture. Pr\u00e9sent\u00e9 en&#8230;<\/p>\n","protected":false},"featured_media":25102,"template":"","meta":[],"product_cat":[364],"product_tag":[],"class_list":{"0":"post-25103","1":"product","2":"type-product","3":"status-publish","4":"has-post-thumbnail","6":"product_cat-sport-et-aventure","8":"first","9":"instock","10":"shipping-taxable","11":"purchasable","12":"product-type-simple"},"_links":{"self":[{"href":"https:\/\/www.hapy-com.fr\/echoppe\/wp-json\/wp\/v2\/product\/25103","targetHints":{"allow":["GET"]}}],"collection":[{"href":"https:\/\/www.hapy-com.fr\/echoppe\/wp-json\/wp\/v2\/product"}],"about":[{"href":"https:\/\/www.hapy-com.fr\/echoppe\/wp-json\/wp\/v2\/types\/product"}],"wp:featuredmedia":[{"embeddable":true,"href":"https:\/\/www.hapy-com.fr\/echoppe\/wp-json\/wp\/v2\/media\/25102"}],"wp:attachment":[{"href":"https:\/\/www.hapy-com.fr\/echoppe\/wp-json\/wp\/v2\/media?parent=25103"}],"wp:term":[{"taxonomy":"product_cat","embeddable":true,"href":"https:\/\/www.hapy-com.fr\/echoppe\/wp-json\/wp\/v2\/product_cat?post=25103"},{"taxonomy":"product_tag","embeddable":true,"href":"https:\/\/www.hapy-com.fr\/echoppe\/wp-json\/wp\/v2\/product_tag?post=25103"}],"curies":[{"name":"wp","href":"https:\/\/api.w.org\/{rel}","templated":true}]}}