{"id":25189,"date":"2022-06-24T14:28:39","date_gmt":"2022-06-24T12:28:39","guid":{"rendered":"http:\/\/www.hapy-com.fr\/echoppe\/product\/sac-thermique-liman-3\/"},"modified":"2022-06-24T14:28:39","modified_gmt":"2022-06-24T12:28:39","slug":"sac-thermique-liman-3","status":"publish","type":"product","link":"https:\/\/www.hapy-com.fr\/echoppe\/product\/sac-thermique-liman-3\/","title":{"rendered":"Sac Thermique Liman"},"content":{"rendered":"<p>Sac thermique de 400 ml en mati\u00e8re r\u00e9sistante avec bouchon de s\u00e9curit\u00e9.Con\u00e7u pour soulager les douleurs musculaires par le froid comme par la chaleur.<\/p>\n","protected":false},"excerpt":{"rendered":"<p>Sac thermique de 400 ml en mati\u00e8re r\u00e9sistante avec bouchon de s\u00e9curit\u00e9.Con\u00e7u pour soulager les douleurs musculaires par le froid comme par la chaleur.<\/p>\n","protected":false},"featured_media":25185,"template":"","meta":[],"product_cat":[364],"product_tag":[],"class_list":{"0":"post-25189","1":"product","2":"type-product","3":"status-publish","4":"has-post-thumbnail","6":"product_cat-sport-et-aventure","8":"first","9":"instock","10":"shipping-taxable","11":"purchasable","12":"product-type-simple"},"_links":{"self":[{"href":"https:\/\/www.hapy-com.fr\/echoppe\/wp-json\/wp\/v2\/product\/25189","targetHints":{"allow":["GET"]}}],"collection":[{"href":"https:\/\/www.hapy-com.fr\/echoppe\/wp-json\/wp\/v2\/product"}],"about":[{"href":"https:\/\/www.hapy-com.fr\/echoppe\/wp-json\/wp\/v2\/types\/product"}],"wp:featuredmedia":[{"embeddable":true,"href":"https:\/\/www.hapy-com.fr\/echoppe\/wp-json\/wp\/v2\/media\/25185"}],"wp:attachment":[{"href":"https:\/\/www.hapy-com.fr\/echoppe\/wp-json\/wp\/v2\/media?parent=25189"}],"wp:term":[{"taxonomy":"product_cat","embeddable":true,"href":"https:\/\/www.hapy-com.fr\/echoppe\/wp-json\/wp\/v2\/product_cat?post=25189"},{"taxonomy":"product_tag","embeddable":true,"href":"https:\/\/www.hapy-com.fr\/echoppe\/wp-json\/wp\/v2\/product_tag?post=25189"}],"curies":[{"name":"wp","href":"https:\/\/api.w.org\/{rel}","templated":true}]}}