{"id":25194,"date":"2022-06-24T14:28:43","date_gmt":"2022-06-24T12:28:43","guid":{"rendered":"http:\/\/www.hapy-com.fr\/echoppe\/product\/parapluie-golf-budyx\/"},"modified":"2022-06-24T14:28:43","modified_gmt":"2022-06-24T12:28:43","slug":"parapluie-golf-budyx","status":"publish","type":"product","link":"https:\/\/www.hapy-com.fr\/echoppe\/product\/parapluie-golf-budyx\/","title":{"rendered":"Parapluie Golf Budyx"},"content":{"rendered":"<p>Parapluie de golf 8 panneaux au design bicolore sobre. Diam\u00e8tre 135 cm, ouverture manuelle. En pong\u00e9e r\u00e9sistante avec syst\u00e8me de s\u00e9curit\u00e9 anti temp\u00eate. Baleines en fibre noire, double fermeture par velcro et poign\u00e9e rembourr\u00e9e en mousse souple. Pr\u00e9sent\u00e9 dans un fourreau du m\u00eame mat\u00e9riau dans une \u00e9l\u00e9gante couleur noire.<\/p>\n","protected":false},"excerpt":{"rendered":"<p>Parapluie de golf 8 panneaux au design bicolore sobre. Diam\u00e8tre 135 cm, ouverture manuelle. En pong\u00e9e r\u00e9sistante avec syst\u00e8me de s\u00e9curit\u00e9 anti temp\u00eate. Baleines en fibre noire, double fermeture par&#8230;<\/p>\n","protected":false},"featured_media":25192,"template":"","meta":[],"product_cat":[364],"product_tag":[],"class_list":{"0":"post-25194","1":"product","2":"type-product","3":"status-publish","4":"has-post-thumbnail","6":"product_cat-sport-et-aventure","8":"first","9":"instock","10":"shipping-taxable","11":"purchasable","12":"product-type-simple"},"_links":{"self":[{"href":"https:\/\/www.hapy-com.fr\/echoppe\/wp-json\/wp\/v2\/product\/25194","targetHints":{"allow":["GET"]}}],"collection":[{"href":"https:\/\/www.hapy-com.fr\/echoppe\/wp-json\/wp\/v2\/product"}],"about":[{"href":"https:\/\/www.hapy-com.fr\/echoppe\/wp-json\/wp\/v2\/types\/product"}],"wp:featuredmedia":[{"embeddable":true,"href":"https:\/\/www.hapy-com.fr\/echoppe\/wp-json\/wp\/v2\/media\/25192"}],"wp:attachment":[{"href":"https:\/\/www.hapy-com.fr\/echoppe\/wp-json\/wp\/v2\/media?parent=25194"}],"wp:term":[{"taxonomy":"product_cat","embeddable":true,"href":"https:\/\/www.hapy-com.fr\/echoppe\/wp-json\/wp\/v2\/product_cat?post=25194"},{"taxonomy":"product_tag","embeddable":true,"href":"https:\/\/www.hapy-com.fr\/echoppe\/wp-json\/wp\/v2\/product_tag?post=25194"}],"curies":[{"name":"wp","href":"https:\/\/api.w.org\/{rel}","templated":true}]}}