{"id":25204,"date":"2022-06-24T14:28:52","date_gmt":"2022-06-24T12:28:52","guid":{"rendered":"http:\/\/www.hapy-com.fr\/echoppe\/product\/balle-golf-nessa-2\/"},"modified":"2022-06-24T14:28:52","modified_gmt":"2022-06-24T12:28:52","slug":"balle-golf-nessa-2","status":"publish","type":"product","link":"https:\/\/www.hapy-com.fr\/echoppe\/product\/balle-golf-nessa-2\/","title":{"rendered":"Balle Golf Nessa"},"content":{"rendered":"<p>Balle de golf en diff\u00e9rentes couleurs, 4 couches de r\u00e9sine r\u00e9sistante.Diam\u00e8tre 4,2 cm<\/p>\n","protected":false},"excerpt":{"rendered":"<p>Balle de golf en diff\u00e9rentes couleurs, 4 couches de r\u00e9sine r\u00e9sistante.Diam\u00e8tre 4,2 cm<\/p>\n","protected":false},"featured_media":25202,"template":"","meta":[],"product_cat":[364],"product_tag":[],"class_list":{"0":"post-25204","1":"product","2":"type-product","3":"status-publish","4":"has-post-thumbnail","6":"product_cat-sport-et-aventure","8":"first","9":"instock","10":"shipping-taxable","11":"purchasable","12":"product-type-simple"},"_links":{"self":[{"href":"https:\/\/www.hapy-com.fr\/echoppe\/wp-json\/wp\/v2\/product\/25204","targetHints":{"allow":["GET"]}}],"collection":[{"href":"https:\/\/www.hapy-com.fr\/echoppe\/wp-json\/wp\/v2\/product"}],"about":[{"href":"https:\/\/www.hapy-com.fr\/echoppe\/wp-json\/wp\/v2\/types\/product"}],"wp:featuredmedia":[{"embeddable":true,"href":"https:\/\/www.hapy-com.fr\/echoppe\/wp-json\/wp\/v2\/media\/25202"}],"wp:attachment":[{"href":"https:\/\/www.hapy-com.fr\/echoppe\/wp-json\/wp\/v2\/media?parent=25204"}],"wp:term":[{"taxonomy":"product_cat","embeddable":true,"href":"https:\/\/www.hapy-com.fr\/echoppe\/wp-json\/wp\/v2\/product_cat?post=25204"},{"taxonomy":"product_tag","embeddable":true,"href":"https:\/\/www.hapy-com.fr\/echoppe\/wp-json\/wp\/v2\/product_tag?post=25204"}],"curies":[{"name":"wp","href":"https:\/\/api.w.org\/{rel}","templated":true}]}}