{"id":25235,"date":"2022-06-24T14:29:17","date_gmt":"2022-06-24T12:29:17","guid":{"rendered":"http:\/\/www.hapy-com.fr\/echoppe\/product\/chronometre-kailen-2\/"},"modified":"2022-06-24T14:29:17","modified_gmt":"2022-06-24T12:29:17","slug":"chronometre-kailen-2","status":"publish","type":"product","link":"https:\/\/www.hapy-com.fr\/echoppe\/product\/chronometre-kailen-2\/","title":{"rendered":"Chronom\u00e8tre Kailen"},"content":{"rendered":"<p>Chronom\u00e8tre au design bicolore original avec cadre en couleurs translucides et gaies. Avec fonctions chronom\u00e8tre, horloge et alarme. Cordon pour le cou assorti et piles bouton incluses avec film de s\u00e9curit\u00e9. Pr\u00e9sent\u00e9 dans une jolie bo\u00eete design.<\/p>\n","protected":false},"excerpt":{"rendered":"<p>Chronom\u00e8tre au design bicolore original avec cadre en couleurs translucides et gaies. Avec fonctions chronom\u00e8tre, horloge et alarme. Cordon pour le cou assorti et piles bouton incluses avec film de&#8230;<\/p>\n","protected":false},"featured_media":25234,"template":"","meta":[],"product_cat":[364],"product_tag":[],"class_list":{"0":"post-25235","1":"product","2":"type-product","3":"status-publish","4":"has-post-thumbnail","6":"product_cat-sport-et-aventure","8":"first","9":"instock","10":"shipping-taxable","11":"purchasable","12":"product-type-simple"},"_links":{"self":[{"href":"https:\/\/www.hapy-com.fr\/echoppe\/wp-json\/wp\/v2\/product\/25235","targetHints":{"allow":["GET"]}}],"collection":[{"href":"https:\/\/www.hapy-com.fr\/echoppe\/wp-json\/wp\/v2\/product"}],"about":[{"href":"https:\/\/www.hapy-com.fr\/echoppe\/wp-json\/wp\/v2\/types\/product"}],"wp:featuredmedia":[{"embeddable":true,"href":"https:\/\/www.hapy-com.fr\/echoppe\/wp-json\/wp\/v2\/media\/25234"}],"wp:attachment":[{"href":"https:\/\/www.hapy-com.fr\/echoppe\/wp-json\/wp\/v2\/media?parent=25235"}],"wp:term":[{"taxonomy":"product_cat","embeddable":true,"href":"https:\/\/www.hapy-com.fr\/echoppe\/wp-json\/wp\/v2\/product_cat?post=25235"},{"taxonomy":"product_tag","embeddable":true,"href":"https:\/\/www.hapy-com.fr\/echoppe\/wp-json\/wp\/v2\/product_tag?post=25235"}],"curies":[{"name":"wp","href":"https:\/\/api.w.org\/{rel}","templated":true}]}}