{"id":25325,"date":"2022-06-24T14:30:17","date_gmt":"2022-06-24T12:30:17","guid":{"rendered":"http:\/\/www.hapy-com.fr\/echoppe\/product\/sac-a-dos-serviette-kirk\/"},"modified":"2022-06-24T14:30:17","modified_gmt":"2022-06-24T12:30:17","slug":"sac-a-dos-serviette-kirk","status":"publish","type":"product","link":"https:\/\/www.hapy-com.fr\/echoppe\/product\/sac-a-dos-serviette-kirk\/","title":{"rendered":"Sac \u00e0 Dos Serviette Kirk"},"content":{"rendered":"<p>Sac \u00e0 Dos Serviette en microfibre douce et absorbante en 160g\/m2 . Dimensions 150 x70cm, disponible en diff\u00e9rentes couleurs. Avec pliage sp\u00e9cial qui transforme la serviette en sac \u00e0 dos \u00e0 cordelettes pour un transport pratique.<\/p>\n","protected":false},"excerpt":{"rendered":"<p>Sac \u00e0 Dos Serviette en microfibre douce et absorbante en 160g\/m2 . Dimensions 150 x70cm, disponible en diff\u00e9rentes couleurs. Avec pliage sp\u00e9cial qui transforme la serviette en sac \u00e0 dos&#8230;<\/p>\n","protected":false},"featured_media":25323,"template":"","meta":[],"product_cat":[364],"product_tag":[],"class_list":{"0":"post-25325","1":"product","2":"type-product","3":"status-publish","4":"has-post-thumbnail","6":"product_cat-sport-et-aventure","8":"first","9":"instock","10":"shipping-taxable","11":"purchasable","12":"product-type-simple"},"_links":{"self":[{"href":"https:\/\/www.hapy-com.fr\/echoppe\/wp-json\/wp\/v2\/product\/25325","targetHints":{"allow":["GET"]}}],"collection":[{"href":"https:\/\/www.hapy-com.fr\/echoppe\/wp-json\/wp\/v2\/product"}],"about":[{"href":"https:\/\/www.hapy-com.fr\/echoppe\/wp-json\/wp\/v2\/types\/product"}],"wp:featuredmedia":[{"embeddable":true,"href":"https:\/\/www.hapy-com.fr\/echoppe\/wp-json\/wp\/v2\/media\/25323"}],"wp:attachment":[{"href":"https:\/\/www.hapy-com.fr\/echoppe\/wp-json\/wp\/v2\/media?parent=25325"}],"wp:term":[{"taxonomy":"product_cat","embeddable":true,"href":"https:\/\/www.hapy-com.fr\/echoppe\/wp-json\/wp\/v2\/product_cat?post=25325"},{"taxonomy":"product_tag","embeddable":true,"href":"https:\/\/www.hapy-com.fr\/echoppe\/wp-json\/wp\/v2\/product_tag?post=25325"}],"curies":[{"name":"wp","href":"https:\/\/api.w.org\/{rel}","templated":true}]}}