{"id":25361,"date":"2022-06-24T14:30:44","date_gmt":"2022-06-24T12:30:44","guid":{"rendered":"http:\/\/www.hapy-com.fr\/echoppe\/product\/serviette-absorbante-gymnasio-7\/"},"modified":"2022-06-24T14:30:44","modified_gmt":"2022-06-24T12:30:44","slug":"serviette-absorbante-gymnasio-7","status":"publish","type":"product","link":"https:\/\/www.hapy-com.fr\/echoppe\/product\/serviette-absorbante-gymnasio-7\/","title":{"rendered":"Serviette Absorbante Gymnasio"},"content":{"rendered":"<p>Serviette en microfibre ultra absorbante et douce en 185g\/m2. Coloris vari\u00e9s. Dimensions 100 x 50cm. Pr\u00e9sent\u00e9e dans un sac de transport pratique en filet avec accessoire de r\u00e9glage. *Pour les commandes avec impression, le co\u00fbt du marquage doit \u00eatre major\u00e9 de + 0,20 \/ unit\u00e9 pour traitement sp\u00e9cial.*<\/p>\n","protected":false},"excerpt":{"rendered":"<p>Serviette en microfibre ultra absorbante et douce en 185g\/m2. Coloris vari\u00e9s. Dimensions 100 x 50cm. Pr\u00e9sent\u00e9e dans un sac de transport pratique en filet avec accessoire de r\u00e9glage. *Pour les&#8230;<\/p>\n","protected":false},"featured_media":25360,"template":"","meta":[],"product_cat":[364],"product_tag":[],"class_list":{"0":"post-25361","1":"product","2":"type-product","3":"status-publish","4":"has-post-thumbnail","6":"product_cat-sport-et-aventure","8":"first","9":"instock","10":"shipping-taxable","11":"purchasable","12":"product-type-simple"},"_links":{"self":[{"href":"https:\/\/www.hapy-com.fr\/echoppe\/wp-json\/wp\/v2\/product\/25361","targetHints":{"allow":["GET"]}}],"collection":[{"href":"https:\/\/www.hapy-com.fr\/echoppe\/wp-json\/wp\/v2\/product"}],"about":[{"href":"https:\/\/www.hapy-com.fr\/echoppe\/wp-json\/wp\/v2\/types\/product"}],"wp:featuredmedia":[{"embeddable":true,"href":"https:\/\/www.hapy-com.fr\/echoppe\/wp-json\/wp\/v2\/media\/25360"}],"wp:attachment":[{"href":"https:\/\/www.hapy-com.fr\/echoppe\/wp-json\/wp\/v2\/media?parent=25361"}],"wp:term":[{"taxonomy":"product_cat","embeddable":true,"href":"https:\/\/www.hapy-com.fr\/echoppe\/wp-json\/wp\/v2\/product_cat?post=25361"},{"taxonomy":"product_tag","embeddable":true,"href":"https:\/\/www.hapy-com.fr\/echoppe\/wp-json\/wp\/v2\/product_tag?post=25361"}],"curies":[{"name":"wp","href":"https:\/\/api.w.org\/{rel}","templated":true}]}}