{"id":25369,"date":"2022-06-24T14:30:51","date_gmt":"2022-06-24T12:30:51","guid":{"rendered":"http:\/\/www.hapy-com.fr\/echoppe\/product\/bandeau-tete-ranster-4\/"},"modified":"2022-06-24T14:30:51","modified_gmt":"2022-06-24T12:30:51","slug":"bandeau-tete-ranster-4","status":"publish","type":"product","link":"https:\/\/www.hapy-com.fr\/echoppe\/product\/bandeau-tete-ranster-4\/","title":{"rendered":"Bandeau T\u00eate Ranster"},"content":{"rendered":"<p>Bandeau \u00e9lastique de haute qualit\u00e9 pour la sueur. Couleurs vives. Largeur 6 cm, M\u00e9lange de coton et de polyester. Con\u00e7u pour les activit\u00e9s sportives et de loisir.<\/p>\n","protected":false},"excerpt":{"rendered":"<p>Bandeau \u00e9lastique de haute qualit\u00e9 pour la sueur. Couleurs vives. Largeur 6 cm, M\u00e9lange de coton et de polyester. Con\u00e7u pour les activit\u00e9s sportives et de loisir.<\/p>\n","protected":false},"featured_media":25363,"template":"","meta":[],"product_cat":[364],"product_tag":[],"class_list":{"0":"post-25369","1":"product","2":"type-product","3":"status-publish","4":"has-post-thumbnail","6":"product_cat-sport-et-aventure","8":"first","9":"instock","10":"shipping-taxable","11":"purchasable","12":"product-type-simple"},"_links":{"self":[{"href":"https:\/\/www.hapy-com.fr\/echoppe\/wp-json\/wp\/v2\/product\/25369","targetHints":{"allow":["GET"]}}],"collection":[{"href":"https:\/\/www.hapy-com.fr\/echoppe\/wp-json\/wp\/v2\/product"}],"about":[{"href":"https:\/\/www.hapy-com.fr\/echoppe\/wp-json\/wp\/v2\/types\/product"}],"wp:featuredmedia":[{"embeddable":true,"href":"https:\/\/www.hapy-com.fr\/echoppe\/wp-json\/wp\/v2\/media\/25363"}],"wp:attachment":[{"href":"https:\/\/www.hapy-com.fr\/echoppe\/wp-json\/wp\/v2\/media?parent=25369"}],"wp:term":[{"taxonomy":"product_cat","embeddable":true,"href":"https:\/\/www.hapy-com.fr\/echoppe\/wp-json\/wp\/v2\/product_cat?post=25369"},{"taxonomy":"product_tag","embeddable":true,"href":"https:\/\/www.hapy-com.fr\/echoppe\/wp-json\/wp\/v2\/product_tag?post=25369"}],"curies":[{"name":"wp","href":"https:\/\/api.w.org\/{rel}","templated":true}]}}