{"id":25427,"date":"2022-06-24T14:31:41","date_gmt":"2022-06-24T12:31:41","guid":{"rendered":"http:\/\/www.hapy-com.fr\/echoppe\/product\/sac-tinsul-6\/"},"modified":"2022-06-24T14:31:41","modified_gmt":"2022-06-24T12:31:41","slug":"sac-tinsul-6","status":"publish","type":"product","link":"https:\/\/www.hapy-com.fr\/echoppe\/product\/sac-tinsul-6\/","title":{"rendered":"Sac Tinsul"},"content":{"rendered":"<p>Sac imperm\u00e9able dans ripstop doux et r\u00e9sistant. Avec fermeture de bo\u00eete de s\u00e9curit\u00e9 et capacit\u00e9 de 9l. Poign\u00e9e avec fermeture de boucle et bande \u00e0 porter comme bandouli\u00e8re. Carabiniers de transport inclus. Disponible dans une large gamme de couleurs de finition brillante, avec des accessoires dajustement noir.<\/p>\n","protected":false},"excerpt":{"rendered":"<p>Sac imperm\u00e9able dans ripstop doux et r\u00e9sistant. Avec fermeture de bo\u00eete de s\u00e9curit\u00e9 et capacit\u00e9 de 9l. Poign\u00e9e avec fermeture de boucle et bande \u00e0 porter comme bandouli\u00e8re. Carabiniers de&#8230;<\/p>\n","protected":false},"featured_media":25426,"template":"","meta":[],"product_cat":[364],"product_tag":[],"class_list":{"0":"post-25427","1":"product","2":"type-product","3":"status-publish","4":"has-post-thumbnail","6":"product_cat-sport-et-aventure","8":"first","9":"instock","10":"shipping-taxable","11":"purchasable","12":"product-type-simple"},"_links":{"self":[{"href":"https:\/\/www.hapy-com.fr\/echoppe\/wp-json\/wp\/v2\/product\/25427","targetHints":{"allow":["GET"]}}],"collection":[{"href":"https:\/\/www.hapy-com.fr\/echoppe\/wp-json\/wp\/v2\/product"}],"about":[{"href":"https:\/\/www.hapy-com.fr\/echoppe\/wp-json\/wp\/v2\/types\/product"}],"wp:featuredmedia":[{"embeddable":true,"href":"https:\/\/www.hapy-com.fr\/echoppe\/wp-json\/wp\/v2\/media\/25426"}],"wp:attachment":[{"href":"https:\/\/www.hapy-com.fr\/echoppe\/wp-json\/wp\/v2\/media?parent=25427"}],"wp:term":[{"taxonomy":"product_cat","embeddable":true,"href":"https:\/\/www.hapy-com.fr\/echoppe\/wp-json\/wp\/v2\/product_cat?post=25427"},{"taxonomy":"product_tag","embeddable":true,"href":"https:\/\/www.hapy-com.fr\/echoppe\/wp-json\/wp\/v2\/product_tag?post=25427"}],"curies":[{"name":"wp","href":"https:\/\/api.w.org\/{rel}","templated":true}]}}