{"id":25430,"date":"2022-06-24T14:31:44","date_gmt":"2022-06-24T12:31:44","guid":{"rendered":"http:\/\/www.hapy-com.fr\/echoppe\/product\/banane-taskin\/"},"modified":"2022-06-24T14:31:44","modified_gmt":"2022-06-24T12:31:44","slug":"banane-taskin","status":"publish","type":"product","link":"https:\/\/www.hapy-com.fr\/echoppe\/product\/banane-taskin\/","title":{"rendered":"Banane Taskin"},"content":{"rendered":"<p>Sac banane de haute qualit\u00e9 imperm\u00e9able. En spandex souple avec fermeture zipp\u00e9e en couleurs vives. Con\u00e7ue pour des activit\u00e9s sportives et de loisirs. Avec passe-fil pour \u00e9couteurs \u00e0 l\u2019arri\u00e8re et taille \u00e9lastiqu\u00e9e avec clip de fermeture r\u00e9glable.<\/p>\n","protected":false},"excerpt":{"rendered":"<p>Sac banane de haute qualit\u00e9 imperm\u00e9able. En spandex souple avec fermeture zipp\u00e9e en couleurs vives. Con\u00e7ue pour des activit\u00e9s sportives et de loisirs. Avec passe-fil pour \u00e9couteurs \u00e0 l\u2019arri\u00e8re et&#8230;<\/p>\n","protected":false},"featured_media":25428,"template":"","meta":[],"product_cat":[364],"product_tag":[],"class_list":{"0":"post-25430","1":"product","2":"type-product","3":"status-publish","4":"has-post-thumbnail","6":"product_cat-sport-et-aventure","8":"first","9":"instock","10":"shipping-taxable","11":"purchasable","12":"product-type-simple"},"_links":{"self":[{"href":"https:\/\/www.hapy-com.fr\/echoppe\/wp-json\/wp\/v2\/product\/25430","targetHints":{"allow":["GET"]}}],"collection":[{"href":"https:\/\/www.hapy-com.fr\/echoppe\/wp-json\/wp\/v2\/product"}],"about":[{"href":"https:\/\/www.hapy-com.fr\/echoppe\/wp-json\/wp\/v2\/types\/product"}],"wp:featuredmedia":[{"embeddable":true,"href":"https:\/\/www.hapy-com.fr\/echoppe\/wp-json\/wp\/v2\/media\/25428"}],"wp:attachment":[{"href":"https:\/\/www.hapy-com.fr\/echoppe\/wp-json\/wp\/v2\/media?parent=25430"}],"wp:term":[{"taxonomy":"product_cat","embeddable":true,"href":"https:\/\/www.hapy-com.fr\/echoppe\/wp-json\/wp\/v2\/product_cat?post=25430"},{"taxonomy":"product_tag","embeddable":true,"href":"https:\/\/www.hapy-com.fr\/echoppe\/wp-json\/wp\/v2\/product_tag?post=25430"}],"curies":[{"name":"wp","href":"https:\/\/api.w.org\/{rel}","templated":true}]}}