{"id":25446,"date":"2022-06-24T14:31:57","date_gmt":"2022-06-24T12:31:57","guid":{"rendered":"http:\/\/www.hapy-com.fr\/echoppe\/product\/visiere-gonnax-5\/"},"modified":"2022-06-24T14:31:57","modified_gmt":"2022-06-24T12:31:57","slug":"visiere-gonnax-5","status":"publish","type":"product","link":"https:\/\/www.hapy-com.fr\/echoppe\/product\/visiere-gonnax-5\/","title":{"rendered":"Visi\u00e8re Gonnax"},"content":{"rendered":"<p>Visi\u00e8re en polyester de couleurs vives. Fermeture par velcro ajustable, c\u00f4t\u00e9s matelass\u00e9s avec des panneaux en tissu filet pour la transpiration.<\/p>\n","protected":false},"excerpt":{"rendered":"<p>Visi\u00e8re en polyester de couleurs vives. Fermeture par velcro ajustable, c\u00f4t\u00e9s matelass\u00e9s avec des panneaux en tissu filet pour la transpiration.<\/p>\n","protected":false},"featured_media":25445,"template":"","meta":[],"product_cat":[364],"product_tag":[],"class_list":{"0":"post-25446","1":"product","2":"type-product","3":"status-publish","4":"has-post-thumbnail","6":"product_cat-sport-et-aventure","8":"first","9":"instock","10":"shipping-taxable","11":"purchasable","12":"product-type-simple"},"_links":{"self":[{"href":"https:\/\/www.hapy-com.fr\/echoppe\/wp-json\/wp\/v2\/product\/25446","targetHints":{"allow":["GET"]}}],"collection":[{"href":"https:\/\/www.hapy-com.fr\/echoppe\/wp-json\/wp\/v2\/product"}],"about":[{"href":"https:\/\/www.hapy-com.fr\/echoppe\/wp-json\/wp\/v2\/types\/product"}],"wp:featuredmedia":[{"embeddable":true,"href":"https:\/\/www.hapy-com.fr\/echoppe\/wp-json\/wp\/v2\/media\/25445"}],"wp:attachment":[{"href":"https:\/\/www.hapy-com.fr\/echoppe\/wp-json\/wp\/v2\/media?parent=25446"}],"wp:term":[{"taxonomy":"product_cat","embeddable":true,"href":"https:\/\/www.hapy-com.fr\/echoppe\/wp-json\/wp\/v2\/product_cat?post=25446"},{"taxonomy":"product_tag","embeddable":true,"href":"https:\/\/www.hapy-com.fr\/echoppe\/wp-json\/wp\/v2\/product_tag?post=25446"}],"curies":[{"name":"wp","href":"https:\/\/api.w.org\/{rel}","templated":true}]}}