{"id":25455,"date":"2022-06-24T14:32:03","date_gmt":"2022-06-24T12:32:03","guid":{"rendered":"http:\/\/www.hapy-com.fr\/echoppe\/product\/sac-ceinture-avec-porte-numero-rapik\/"},"modified":"2022-06-24T14:32:03","modified_gmt":"2022-06-24T12:32:03","slug":"sac-ceinture-avec-porte-numero-rapik","status":"publish","type":"product","link":"https:\/\/www.hapy-com.fr\/echoppe\/product\/sac-ceinture-avec-porte-numero-rapik\/","title":{"rendered":"Sac-Ceinture avec Porte Numero Rapik"},"content":{"rendered":"<p>Sac banane porte-dossard de grande qualit\u00e9 et imperm\u00e9able en spandex souple avec fermeture zipp\u00e9e grise. Con\u00e7ue pour des activit\u00e9s sportives et de loisirs. Elastiques pour dossard avec accessoires de r\u00e9glage et taille \u00e9lastique avec clip de fermeture r\u00e9glable.<\/p>\n","protected":false},"excerpt":{"rendered":"<p>Sac banane porte-dossard de grande qualit\u00e9 et imperm\u00e9able en spandex souple avec fermeture zipp\u00e9e grise. Con\u00e7ue pour des activit\u00e9s sportives et de loisirs. Elastiques pour dossard avec accessoires de r\u00e9glage&#8230;<\/p>\n","protected":false},"featured_media":25454,"template":"","meta":[],"product_cat":[364],"product_tag":[],"class_list":{"0":"post-25455","1":"product","2":"type-product","3":"status-publish","4":"has-post-thumbnail","6":"product_cat-sport-et-aventure","8":"first","9":"instock","10":"shipping-taxable","11":"purchasable","12":"product-type-simple"},"_links":{"self":[{"href":"https:\/\/www.hapy-com.fr\/echoppe\/wp-json\/wp\/v2\/product\/25455","targetHints":{"allow":["GET"]}}],"collection":[{"href":"https:\/\/www.hapy-com.fr\/echoppe\/wp-json\/wp\/v2\/product"}],"about":[{"href":"https:\/\/www.hapy-com.fr\/echoppe\/wp-json\/wp\/v2\/types\/product"}],"wp:featuredmedia":[{"embeddable":true,"href":"https:\/\/www.hapy-com.fr\/echoppe\/wp-json\/wp\/v2\/media\/25454"}],"wp:attachment":[{"href":"https:\/\/www.hapy-com.fr\/echoppe\/wp-json\/wp\/v2\/media?parent=25455"}],"wp:term":[{"taxonomy":"product_cat","embeddable":true,"href":"https:\/\/www.hapy-com.fr\/echoppe\/wp-json\/wp\/v2\/product_cat?post=25455"},{"taxonomy":"product_tag","embeddable":true,"href":"https:\/\/www.hapy-com.fr\/echoppe\/wp-json\/wp\/v2\/product_tag?post=25455"}],"curies":[{"name":"wp","href":"https:\/\/api.w.org\/{rel}","templated":true}]}}