{"id":25458,"date":"2022-06-24T14:32:06","date_gmt":"2022-06-24T12:32:06","guid":{"rendered":"http:\/\/www.hapy-com.fr\/echoppe\/product\/couverture-thermique-quint\/"},"modified":"2022-06-24T14:32:06","modified_gmt":"2022-06-24T12:32:06","slug":"couverture-thermique-quint","status":"publish","type":"product","link":"https:\/\/www.hapy-com.fr\/echoppe\/product\/couverture-thermique-quint\/","title":{"rendered":"Couverture Thermique Quint"},"content":{"rendered":"<p>Couverture thermique en mat\u00e9riau technique imperm\u00e9able et coupe-vent avec int\u00e9rieur en aluminium. Facile \u00e0 plier et con\u00e7ue pour le sport et les loisirs.<\/p>\n","protected":false},"excerpt":{"rendered":"<p>Couverture thermique en mat\u00e9riau technique imperm\u00e9able et coupe-vent avec int\u00e9rieur en aluminium. Facile \u00e0 plier et con\u00e7ue pour le sport et les loisirs.<\/p>\n","protected":false},"featured_media":25456,"template":"","meta":[],"product_cat":[364],"product_tag":[],"class_list":{"0":"post-25458","1":"product","2":"type-product","3":"status-publish","4":"has-post-thumbnail","6":"product_cat-sport-et-aventure","8":"first","9":"instock","10":"shipping-taxable","11":"purchasable","12":"product-type-simple"},"_links":{"self":[{"href":"https:\/\/www.hapy-com.fr\/echoppe\/wp-json\/wp\/v2\/product\/25458","targetHints":{"allow":["GET"]}}],"collection":[{"href":"https:\/\/www.hapy-com.fr\/echoppe\/wp-json\/wp\/v2\/product"}],"about":[{"href":"https:\/\/www.hapy-com.fr\/echoppe\/wp-json\/wp\/v2\/types\/product"}],"wp:featuredmedia":[{"embeddable":true,"href":"https:\/\/www.hapy-com.fr\/echoppe\/wp-json\/wp\/v2\/media\/25456"}],"wp:attachment":[{"href":"https:\/\/www.hapy-com.fr\/echoppe\/wp-json\/wp\/v2\/media?parent=25458"}],"wp:term":[{"taxonomy":"product_cat","embeddable":true,"href":"https:\/\/www.hapy-com.fr\/echoppe\/wp-json\/wp\/v2\/product_cat?post=25458"},{"taxonomy":"product_tag","embeddable":true,"href":"https:\/\/www.hapy-com.fr\/echoppe\/wp-json\/wp\/v2\/product_tag?post=25458"}],"curies":[{"name":"wp","href":"https:\/\/api.w.org\/{rel}","templated":true}]}}