{"id":25466,"date":"2022-06-24T14:32:14","date_gmt":"2022-06-24T12:32:14","guid":{"rendered":"http:\/\/www.hapy-com.fr\/echoppe\/product\/patch-chaleur-kison\/"},"modified":"2022-06-24T14:32:14","modified_gmt":"2022-06-24T12:32:14","slug":"patch-chaleur-kison","status":"publish","type":"product","link":"https:\/\/www.hapy-com.fr\/echoppe\/product\/patch-chaleur-kison\/","title":{"rendered":"Patch Chaleur Kison"},"content":{"rendered":"<p>Patch thermique r\u00e9utilisable avec effet de chaleur de longue dur\u00e9e propos\u00e9 dans diff\u00e9rentes couleurs. Pour l\u00b4activer, plier la petite feuille de m\u00e9tal de fa\u00e7on \u00e0 ce que le patch durcisse et chauffe. Pour le r\u00e9utiliser, faire chauffer de l\u00b4eau dans un r\u00e9cipient et y disposer le patch jusqu\u00b4\u00e0 ce que le gel int\u00e9rieur revienne \u00e0 l\u00b4\u00e9tat liquide. Presser de nouveau la petite feuille de m\u00e9tal pour r\u00e9activer.<\/p>\n","protected":false},"excerpt":{"rendered":"<p>Patch thermique r\u00e9utilisable avec effet de chaleur de longue dur\u00e9e propos\u00e9 dans diff\u00e9rentes couleurs. Pour l\u00b4activer, plier la petite feuille de m\u00e9tal de fa\u00e7on \u00e0 ce que le patch durcisse&#8230;<\/p>\n","protected":false},"featured_media":25464,"template":"","meta":[],"product_cat":[364],"product_tag":[],"class_list":{"0":"post-25466","1":"product","2":"type-product","3":"status-publish","4":"has-post-thumbnail","6":"product_cat-sport-et-aventure","8":"first","9":"instock","10":"shipping-taxable","11":"purchasable","12":"product-type-simple"},"_links":{"self":[{"href":"https:\/\/www.hapy-com.fr\/echoppe\/wp-json\/wp\/v2\/product\/25466","targetHints":{"allow":["GET"]}}],"collection":[{"href":"https:\/\/www.hapy-com.fr\/echoppe\/wp-json\/wp\/v2\/product"}],"about":[{"href":"https:\/\/www.hapy-com.fr\/echoppe\/wp-json\/wp\/v2\/types\/product"}],"wp:featuredmedia":[{"embeddable":true,"href":"https:\/\/www.hapy-com.fr\/echoppe\/wp-json\/wp\/v2\/media\/25464"}],"wp:attachment":[{"href":"https:\/\/www.hapy-com.fr\/echoppe\/wp-json\/wp\/v2\/media?parent=25466"}],"wp:term":[{"taxonomy":"product_cat","embeddable":true,"href":"https:\/\/www.hapy-com.fr\/echoppe\/wp-json\/wp\/v2\/product_cat?post=25466"},{"taxonomy":"product_tag","embeddable":true,"href":"https:\/\/www.hapy-com.fr\/echoppe\/wp-json\/wp\/v2\/product_tag?post=25466"}],"curies":[{"name":"wp","href":"https:\/\/api.w.org\/{rel}","templated":true}]}}