{"id":25482,"date":"2022-06-24T14:32:31","date_gmt":"2022-06-24T12:32:31","guid":{"rendered":"http:\/\/www.hapy-com.fr\/echoppe\/product\/porte-cles-depor-3\/"},"modified":"2022-06-24T14:32:31","modified_gmt":"2022-06-24T12:32:31","slug":"porte-cles-depor-3","status":"publish","type":"product","link":"https:\/\/www.hapy-com.fr\/echoppe\/product\/porte-cles-depor-3\/","title":{"rendered":"Porte-Cl\u00e9s Depor"},"content":{"rendered":"<p>Porte-cl\u00e9s en m\u00e9tal dans une finition argent brillant avec une multitude de motifs sportifs gaufr\u00e9s. Pr\u00e9sent\u00e9 dans un \u00e9tui rembourr\u00e9 noir avec finition en su\u00e9dine.<\/p>\n","protected":false},"excerpt":{"rendered":"<p>Porte-cl\u00e9s en m\u00e9tal dans une finition argent brillant avec une multitude de motifs sportifs gaufr\u00e9s. Pr\u00e9sent\u00e9 dans un \u00e9tui rembourr\u00e9 noir avec finition en su\u00e9dine.<\/p>\n","protected":false},"featured_media":25481,"template":"","meta":[],"product_cat":[364],"product_tag":[],"class_list":{"0":"post-25482","1":"product","2":"type-product","3":"status-publish","4":"has-post-thumbnail","6":"product_cat-sport-et-aventure","8":"first","9":"instock","10":"shipping-taxable","11":"purchasable","12":"product-type-simple"},"_links":{"self":[{"href":"https:\/\/www.hapy-com.fr\/echoppe\/wp-json\/wp\/v2\/product\/25482","targetHints":{"allow":["GET"]}}],"collection":[{"href":"https:\/\/www.hapy-com.fr\/echoppe\/wp-json\/wp\/v2\/product"}],"about":[{"href":"https:\/\/www.hapy-com.fr\/echoppe\/wp-json\/wp\/v2\/types\/product"}],"wp:featuredmedia":[{"embeddable":true,"href":"https:\/\/www.hapy-com.fr\/echoppe\/wp-json\/wp\/v2\/media\/25481"}],"wp:attachment":[{"href":"https:\/\/www.hapy-com.fr\/echoppe\/wp-json\/wp\/v2\/media?parent=25482"}],"wp:term":[{"taxonomy":"product_cat","embeddable":true,"href":"https:\/\/www.hapy-com.fr\/echoppe\/wp-json\/wp\/v2\/product_cat?post=25482"},{"taxonomy":"product_tag","embeddable":true,"href":"https:\/\/www.hapy-com.fr\/echoppe\/wp-json\/wp\/v2\/product_tag?post=25482"}],"curies":[{"name":"wp","href":"https:\/\/api.w.org\/{rel}","templated":true}]}}