{"id":25491,"date":"2022-06-24T14:32:39","date_gmt":"2022-06-24T12:32:39","guid":{"rendered":"http:\/\/www.hapy-com.fr\/echoppe\/product\/lumiere-reflectante-terrier-2\/"},"modified":"2022-06-24T14:32:39","modified_gmt":"2022-06-24T12:32:39","slug":"lumiere-reflectante-terrier-2","status":"publish","type":"product","link":"https:\/\/www.hapy-com.fr\/echoppe\/product\/lumiere-reflectante-terrier-2\/","title":{"rendered":"Lumi\u00e8re R\u00e9fl\u00e9ctante Terrier"},"content":{"rendered":"<p>Lumi\u00e8re r\u00e9fl\u00e9chissante \u00e0 2 LED pour fixation \u00e0 la chaussure. Con\u00e7u pour des activit\u00e9s sportives et de loisirs. En mati\u00e8re r\u00e9fl\u00e9chissante et avec deux modes d\u2019\u00e9clairage. Pr\u00e9sent\u00e9e en boite individuelle.<\/p>\n","protected":false},"excerpt":{"rendered":"<p>Lumi\u00e8re r\u00e9fl\u00e9chissante \u00e0 2 LED pour fixation \u00e0 la chaussure. Con\u00e7u pour des activit\u00e9s sportives et de loisirs. En mati\u00e8re r\u00e9fl\u00e9chissante et avec deux modes d\u2019\u00e9clairage. Pr\u00e9sent\u00e9e en boite individuelle.<\/p>\n","protected":false},"featured_media":25489,"template":"","meta":[],"product_cat":[364],"product_tag":[],"class_list":{"0":"post-25491","1":"product","2":"type-product","3":"status-publish","4":"has-post-thumbnail","6":"product_cat-sport-et-aventure","8":"first","9":"instock","10":"shipping-taxable","11":"purchasable","12":"product-type-simple"},"_links":{"self":[{"href":"https:\/\/www.hapy-com.fr\/echoppe\/wp-json\/wp\/v2\/product\/25491","targetHints":{"allow":["GET"]}}],"collection":[{"href":"https:\/\/www.hapy-com.fr\/echoppe\/wp-json\/wp\/v2\/product"}],"about":[{"href":"https:\/\/www.hapy-com.fr\/echoppe\/wp-json\/wp\/v2\/types\/product"}],"wp:featuredmedia":[{"embeddable":true,"href":"https:\/\/www.hapy-com.fr\/echoppe\/wp-json\/wp\/v2\/media\/25489"}],"wp:attachment":[{"href":"https:\/\/www.hapy-com.fr\/echoppe\/wp-json\/wp\/v2\/media?parent=25491"}],"wp:term":[{"taxonomy":"product_cat","embeddable":true,"href":"https:\/\/www.hapy-com.fr\/echoppe\/wp-json\/wp\/v2\/product_cat?post=25491"},{"taxonomy":"product_tag","embeddable":true,"href":"https:\/\/www.hapy-com.fr\/echoppe\/wp-json\/wp\/v2\/product_tag?post=25491"}],"curies":[{"name":"wp","href":"https:\/\/api.w.org\/{rel}","templated":true}]}}