{"id":25543,"date":"2022-06-24T14:33:38","date_gmt":"2022-06-24T12:33:38","guid":{"rendered":"http:\/\/www.hapy-com.fr\/echoppe\/product\/manchon-bras-duttier-3\/"},"modified":"2022-06-24T14:33:38","modified_gmt":"2022-06-24T12:33:38","slug":"manchon-bras-duttier-3","status":"publish","type":"product","link":"https:\/\/www.hapy-com.fr\/echoppe\/product\/manchon-bras-duttier-3\/","title":{"rendered":"Manchon Bras Duttier"},"content":{"rendered":"<p>Manchon de bras en tissu technique l\u00e9ger et r\u00e9sistant, m\u00e9lange de polyester et d\u00b4\u00e9lasthanne. Avec maintien \u00e9lastiqu\u00e9 pour une tenue parfaite sur le bras. Propos\u00e9 en couleurs attrayantes.<\/p>\n","protected":false},"excerpt":{"rendered":"<p>Manchon de bras en tissu technique l\u00e9ger et r\u00e9sistant, m\u00e9lange de polyester et d\u00b4\u00e9lasthanne. Avec maintien \u00e9lastiqu\u00e9 pour une tenue parfaite sur le bras. Propos\u00e9 en couleurs attrayantes.<\/p>\n","protected":false},"featured_media":25542,"template":"","meta":[],"product_cat":[364],"product_tag":[],"class_list":{"0":"post-25543","1":"product","2":"type-product","3":"status-publish","4":"has-post-thumbnail","6":"product_cat-sport-et-aventure","8":"first","9":"instock","10":"shipping-taxable","11":"purchasable","12":"product-type-simple"},"_links":{"self":[{"href":"https:\/\/www.hapy-com.fr\/echoppe\/wp-json\/wp\/v2\/product\/25543","targetHints":{"allow":["GET"]}}],"collection":[{"href":"https:\/\/www.hapy-com.fr\/echoppe\/wp-json\/wp\/v2\/product"}],"about":[{"href":"https:\/\/www.hapy-com.fr\/echoppe\/wp-json\/wp\/v2\/types\/product"}],"wp:featuredmedia":[{"embeddable":true,"href":"https:\/\/www.hapy-com.fr\/echoppe\/wp-json\/wp\/v2\/media\/25542"}],"wp:attachment":[{"href":"https:\/\/www.hapy-com.fr\/echoppe\/wp-json\/wp\/v2\/media?parent=25543"}],"wp:term":[{"taxonomy":"product_cat","embeddable":true,"href":"https:\/\/www.hapy-com.fr\/echoppe\/wp-json\/wp\/v2\/product_cat?post=25543"},{"taxonomy":"product_tag","embeddable":true,"href":"https:\/\/www.hapy-com.fr\/echoppe\/wp-json\/wp\/v2\/product_tag?post=25543"}],"curies":[{"name":"wp","href":"https:\/\/api.w.org\/{rel}","templated":true}]}}