{"id":25558,"date":"2022-06-24T14:33:52","date_gmt":"2022-06-24T12:33:52","guid":{"rendered":"http:\/\/www.hapy-com.fr\/echoppe\/product\/lampe-lokys-2\/"},"modified":"2022-06-24T14:33:52","modified_gmt":"2022-06-24T12:33:52","slug":"lampe-lokys-2","status":"publish","type":"product","link":"https:\/\/www.hapy-com.fr\/echoppe\/product\/lampe-lokys-2\/","title":{"rendered":"Lampe Lokys"},"content":{"rendered":"<p>Lampe de poche frontale \u00e0 5 LED  avec trois modes d\u00b4\u00e9clairage. Mati\u00e8re r\u00e9sistante propos\u00e9e en coloris vifs. Avec sangle \u00e9lastique confortable, ajustable et d\u00e9tachable. Alimentation par piles : 3 x AAA non incluses. Pr\u00e9sent\u00e9e dans une bo\u00eete en coloris argent avec sachet de protection \u00e0 bulles.<\/p>\n","protected":false},"excerpt":{"rendered":"<p>Lampe de poche frontale \u00e0 5 LED avec trois modes d\u00b4\u00e9clairage. Mati\u00e8re r\u00e9sistante propos\u00e9e en coloris vifs. Avec sangle \u00e9lastique confortable, ajustable et d\u00e9tachable. Alimentation par piles : 3 x&#8230;<\/p>\n","protected":false},"featured_media":25557,"template":"","meta":[],"product_cat":[364],"product_tag":[],"class_list":{"0":"post-25558","1":"product","2":"type-product","3":"status-publish","4":"has-post-thumbnail","6":"product_cat-sport-et-aventure","8":"first","9":"instock","10":"shipping-taxable","11":"purchasable","12":"product-type-simple"},"_links":{"self":[{"href":"https:\/\/www.hapy-com.fr\/echoppe\/wp-json\/wp\/v2\/product\/25558","targetHints":{"allow":["GET"]}}],"collection":[{"href":"https:\/\/www.hapy-com.fr\/echoppe\/wp-json\/wp\/v2\/product"}],"about":[{"href":"https:\/\/www.hapy-com.fr\/echoppe\/wp-json\/wp\/v2\/types\/product"}],"wp:featuredmedia":[{"embeddable":true,"href":"https:\/\/www.hapy-com.fr\/echoppe\/wp-json\/wp\/v2\/media\/25557"}],"wp:attachment":[{"href":"https:\/\/www.hapy-com.fr\/echoppe\/wp-json\/wp\/v2\/media?parent=25558"}],"wp:term":[{"taxonomy":"product_cat","embeddable":true,"href":"https:\/\/www.hapy-com.fr\/echoppe\/wp-json\/wp\/v2\/product_cat?post=25558"},{"taxonomy":"product_tag","embeddable":true,"href":"https:\/\/www.hapy-com.fr\/echoppe\/wp-json\/wp\/v2\/product_tag?post=25558"}],"curies":[{"name":"wp","href":"https:\/\/api.w.org\/{rel}","templated":true}]}}