{"id":25576,"date":"2022-06-24T14:34:08","date_gmt":"2022-06-24T12:34:08","guid":{"rendered":"http:\/\/www.hapy-com.fr\/echoppe\/product\/sifflet-floykin\/"},"modified":"2022-06-24T14:34:08","modified_gmt":"2022-06-24T12:34:08","slug":"sifflet-floykin","status":"publish","type":"product","link":"https:\/\/www.hapy-com.fr\/echoppe\/product\/sifflet-floykin\/","title":{"rendered":"Sifflet Floykin"},"content":{"rendered":"<p>Sifflet original pliant avec lumi\u00e8re LED. Bicolore avec mousqueton m\u00e9tallique de transport. Avec pile bouton incluse. Pr\u00e9sent\u00e9 sous bo\u00eete individuelle.<\/p>\n","protected":false},"excerpt":{"rendered":"<p>Sifflet original pliant avec lumi\u00e8re LED. Bicolore avec mousqueton m\u00e9tallique de transport. Avec pile bouton incluse. Pr\u00e9sent\u00e9 sous bo\u00eete individuelle.<\/p>\n","protected":false},"featured_media":25574,"template":"","meta":[],"product_cat":[364],"product_tag":[],"class_list":{"0":"post-25576","1":"product","2":"type-product","3":"status-publish","4":"has-post-thumbnail","6":"product_cat-sport-et-aventure","8":"first","9":"instock","10":"shipping-taxable","11":"purchasable","12":"product-type-simple"},"_links":{"self":[{"href":"https:\/\/www.hapy-com.fr\/echoppe\/wp-json\/wp\/v2\/product\/25576","targetHints":{"allow":["GET"]}}],"collection":[{"href":"https:\/\/www.hapy-com.fr\/echoppe\/wp-json\/wp\/v2\/product"}],"about":[{"href":"https:\/\/www.hapy-com.fr\/echoppe\/wp-json\/wp\/v2\/types\/product"}],"wp:featuredmedia":[{"embeddable":true,"href":"https:\/\/www.hapy-com.fr\/echoppe\/wp-json\/wp\/v2\/media\/25574"}],"wp:attachment":[{"href":"https:\/\/www.hapy-com.fr\/echoppe\/wp-json\/wp\/v2\/media?parent=25576"}],"wp:term":[{"taxonomy":"product_cat","embeddable":true,"href":"https:\/\/www.hapy-com.fr\/echoppe\/wp-json\/wp\/v2\/product_cat?post=25576"},{"taxonomy":"product_tag","embeddable":true,"href":"https:\/\/www.hapy-com.fr\/echoppe\/wp-json\/wp\/v2\/product_tag?post=25576"}],"curies":[{"name":"wp","href":"https:\/\/api.w.org\/{rel}","templated":true}]}}