{"id":25595,"date":"2022-06-24T14:34:24","date_gmt":"2022-06-24T12:34:24","guid":{"rendered":"http:\/\/www.hapy-com.fr\/echoppe\/product\/divot-indicateur-stym\/"},"modified":"2022-06-24T14:34:24","modified_gmt":"2022-06-24T12:34:24","slug":"divot-indicateur-stym","status":"publish","type":"product","link":"https:\/\/www.hapy-com.fr\/echoppe\/product\/divot-indicateur-stym\/","title":{"rendered":"Divot Indicateur Stym"},"content":{"rendered":"<p>Rel\u00e8ve pitch m\u00e9tallique en finition blanche \u00e9l\u00e9gante avec emplacement sp\u00e9cial pour marquage en doming.<\/p>\n","protected":false},"excerpt":{"rendered":"<p>Rel\u00e8ve pitch m\u00e9tallique en finition blanche \u00e9l\u00e9gante avec emplacement sp\u00e9cial pour marquage en doming.<\/p>\n","protected":false},"featured_media":25594,"template":"","meta":[],"product_cat":[364],"product_tag":[],"class_list":{"0":"post-25595","1":"product","2":"type-product","3":"status-publish","4":"has-post-thumbnail","6":"product_cat-sport-et-aventure","8":"first","9":"instock","10":"shipping-taxable","11":"purchasable","12":"product-type-simple"},"_links":{"self":[{"href":"https:\/\/www.hapy-com.fr\/echoppe\/wp-json\/wp\/v2\/product\/25595","targetHints":{"allow":["GET"]}}],"collection":[{"href":"https:\/\/www.hapy-com.fr\/echoppe\/wp-json\/wp\/v2\/product"}],"about":[{"href":"https:\/\/www.hapy-com.fr\/echoppe\/wp-json\/wp\/v2\/types\/product"}],"wp:featuredmedia":[{"embeddable":true,"href":"https:\/\/www.hapy-com.fr\/echoppe\/wp-json\/wp\/v2\/media\/25594"}],"wp:attachment":[{"href":"https:\/\/www.hapy-com.fr\/echoppe\/wp-json\/wp\/v2\/media?parent=25595"}],"wp:term":[{"taxonomy":"product_cat","embeddable":true,"href":"https:\/\/www.hapy-com.fr\/echoppe\/wp-json\/wp\/v2\/product_cat?post=25595"},{"taxonomy":"product_tag","embeddable":true,"href":"https:\/\/www.hapy-com.fr\/echoppe\/wp-json\/wp\/v2\/product_tag?post=25595"}],"curies":[{"name":"wp","href":"https:\/\/api.w.org\/{rel}","templated":true}]}}