{"id":25609,"date":"2022-06-24T14:34:38","date_gmt":"2022-06-24T12:34:38","guid":{"rendered":"http:\/\/www.hapy-com.fr\/echoppe\/product\/serviette-rikat-2\/"},"modified":"2022-06-24T14:34:38","modified_gmt":"2022-06-24T12:34:38","slug":"serviette-rikat-2","status":"publish","type":"product","link":"https:\/\/www.hapy-com.fr\/echoppe\/product\/serviette-rikat-2\/","title":{"rendered":"Serviette Rikat"},"content":{"rendered":"<p>Serviette SoftCool Extreme rafraichissante en microfibre 160 g\/m2 (55% Nylon \/ 45% Polyester). Filtre jusqu\u2019\u00e0 98% des UV. Protection UV 50+. Dimensions 90 x 30 cm. Pr\u00e9sent\u00e9e dans un \u00e9tui individuel transparent avec mousqueton int\u00e9gr\u00e9 dans le couvercle. Le bidon de sport est en PP et le capuchon en ABS. Utilisation en seulement 3 \u00e9tapes. 1. Trempez la serviette avec de l\u2019eau froide de pr\u00e9f\u00e9rence ou remplissez le bidon \/ bouteille pour tremper celle-ci (ETAPE 1). 2. Essorez la serviette (ETAPE 2). 3. Secouez la serviette \u00e9nerg\u00e9tiquement \u00e0 quelques reprises, au moins 5 fois (ETAPE 3). RAFRA\u00ceCHISSEZ-VOUS INSTANTAN\u00c9MENT ! Quand la serviette est mouill\u00e9e, r\u00e9p\u00e9tez l\u2019\u00e9tape 3 pour garder la serviette froide et rafra\u00eechissante. R\u00e9p\u00e9tez les \u00e9tapes de 1 \u00e0 3 lorsque la serviette est s\u00e8che. *Pour les commandes avec impression, le co\u00fbt du marquage doit \u00eatre major\u00e9 de + 0,20 \/ unit\u00e9 pour traitement sp\u00e9cial.*<\/p>\n","protected":false},"excerpt":{"rendered":"<p>Serviette SoftCool Extreme rafraichissante en microfibre 160 g\/m2 (55% Nylon \/ 45% Polyester). Filtre jusqu\u2019\u00e0 98% des UV. Protection UV 50+. Dimensions 90 x 30 cm. Pr\u00e9sent\u00e9e dans un \u00e9tui&#8230;<\/p>\n","protected":false},"featured_media":25608,"template":"","meta":[],"product_cat":[364],"product_tag":[],"class_list":{"0":"post-25609","1":"product","2":"type-product","3":"status-publish","4":"has-post-thumbnail","6":"product_cat-sport-et-aventure","8":"first","9":"instock","10":"shipping-taxable","11":"purchasable","12":"product-type-simple"},"_links":{"self":[{"href":"https:\/\/www.hapy-com.fr\/echoppe\/wp-json\/wp\/v2\/product\/25609","targetHints":{"allow":["GET"]}}],"collection":[{"href":"https:\/\/www.hapy-com.fr\/echoppe\/wp-json\/wp\/v2\/product"}],"about":[{"href":"https:\/\/www.hapy-com.fr\/echoppe\/wp-json\/wp\/v2\/types\/product"}],"wp:featuredmedia":[{"embeddable":true,"href":"https:\/\/www.hapy-com.fr\/echoppe\/wp-json\/wp\/v2\/media\/25608"}],"wp:attachment":[{"href":"https:\/\/www.hapy-com.fr\/echoppe\/wp-json\/wp\/v2\/media?parent=25609"}],"wp:term":[{"taxonomy":"product_cat","embeddable":true,"href":"https:\/\/www.hapy-com.fr\/echoppe\/wp-json\/wp\/v2\/product_cat?post=25609"},{"taxonomy":"product_tag","embeddable":true,"href":"https:\/\/www.hapy-com.fr\/echoppe\/wp-json\/wp\/v2\/product_tag?post=25609"}],"curies":[{"name":"wp","href":"https:\/\/api.w.org\/{rel}","templated":true}]}}