{"id":25615,"date":"2022-06-24T14:34:43","date_gmt":"2022-06-24T12:34:43","guid":{"rendered":"http:\/\/www.hapy-com.fr\/echoppe\/product\/sac-a-velo-rigon\/"},"modified":"2022-06-24T14:34:43","modified_gmt":"2022-06-24T12:34:43","slug":"sac-a-velo-rigon","status":"publish","type":"product","link":"https:\/\/www.hapy-com.fr\/echoppe\/product\/sac-a-velo-rigon\/","title":{"rendered":"Sac \u00e0 V\u00e9lo Rigon"},"content":{"rendered":"<p>Sac polyvalent pour v\u00e9los en polyester 600D r\u00e9sistant avec rembourrage et fa\u00e7ade PVC avec fonction tactile. Passe-fil pour \u00e9couteurs, fermeture zipp\u00e9e et int\u00e9rieur doubl\u00e9 avec compartiment pour smartphone. Triple fermeture velcro pour accrocher \u00e0 la barre et au guidon.<\/p>\n","protected":false},"excerpt":{"rendered":"<p>Sac polyvalent pour v\u00e9los en polyester 600D r\u00e9sistant avec rembourrage et fa\u00e7ade PVC avec fonction tactile. Passe-fil pour \u00e9couteurs, fermeture zipp\u00e9e et int\u00e9rieur doubl\u00e9 avec compartiment pour smartphone. Triple fermeture&#8230;<\/p>\n","protected":false},"featured_media":25614,"template":"","meta":[],"product_cat":[364],"product_tag":[],"class_list":{"0":"post-25615","1":"product","2":"type-product","3":"status-publish","4":"has-post-thumbnail","6":"product_cat-sport-et-aventure","8":"first","9":"instock","10":"shipping-taxable","11":"purchasable","12":"product-type-simple"},"_links":{"self":[{"href":"https:\/\/www.hapy-com.fr\/echoppe\/wp-json\/wp\/v2\/product\/25615","targetHints":{"allow":["GET"]}}],"collection":[{"href":"https:\/\/www.hapy-com.fr\/echoppe\/wp-json\/wp\/v2\/product"}],"about":[{"href":"https:\/\/www.hapy-com.fr\/echoppe\/wp-json\/wp\/v2\/types\/product"}],"wp:featuredmedia":[{"embeddable":true,"href":"https:\/\/www.hapy-com.fr\/echoppe\/wp-json\/wp\/v2\/media\/25614"}],"wp:attachment":[{"href":"https:\/\/www.hapy-com.fr\/echoppe\/wp-json\/wp\/v2\/media?parent=25615"}],"wp:term":[{"taxonomy":"product_cat","embeddable":true,"href":"https:\/\/www.hapy-com.fr\/echoppe\/wp-json\/wp\/v2\/product_cat?post=25615"},{"taxonomy":"product_tag","embeddable":true,"href":"https:\/\/www.hapy-com.fr\/echoppe\/wp-json\/wp\/v2\/product_tag?post=25615"}],"curies":[{"name":"wp","href":"https:\/\/api.w.org\/{rel}","templated":true}]}}