{"id":25635,"date":"2022-06-24T14:35:02","date_gmt":"2022-06-24T12:35:02","guid":{"rendered":"http:\/\/www.hapy-com.fr\/echoppe\/product\/casquette-laimbur-4\/"},"modified":"2022-06-24T14:35:02","modified_gmt":"2022-06-24T12:35:02","slug":"casquette-laimbur-4","status":"publish","type":"product","link":"https:\/\/www.hapy-com.fr\/echoppe\/product\/casquette-laimbur-4\/","title":{"rendered":"Casquette Laimbur"},"content":{"rendered":"<p>Casquette de sport \u00e0 7 panneaux en microfibre douce bicolore disponible en couleurs lumineuses. Fermeture \u00e9lastique avec accessoire de r\u00e9glage et panneaux en filet pour la transpiration.<\/p>\n","protected":false},"excerpt":{"rendered":"<p>Casquette de sport \u00e0 7 panneaux en microfibre douce bicolore disponible en couleurs lumineuses. Fermeture \u00e9lastique avec accessoire de r\u00e9glage et panneaux en filet pour la transpiration.<\/p>\n","protected":false},"featured_media":25634,"template":"","meta":[],"product_cat":[364],"product_tag":[],"class_list":{"0":"post-25635","1":"product","2":"type-product","3":"status-publish","4":"has-post-thumbnail","6":"product_cat-sport-et-aventure","8":"first","9":"instock","10":"shipping-taxable","11":"purchasable","12":"product-type-simple"},"_links":{"self":[{"href":"https:\/\/www.hapy-com.fr\/echoppe\/wp-json\/wp\/v2\/product\/25635","targetHints":{"allow":["GET"]}}],"collection":[{"href":"https:\/\/www.hapy-com.fr\/echoppe\/wp-json\/wp\/v2\/product"}],"about":[{"href":"https:\/\/www.hapy-com.fr\/echoppe\/wp-json\/wp\/v2\/types\/product"}],"wp:featuredmedia":[{"embeddable":true,"href":"https:\/\/www.hapy-com.fr\/echoppe\/wp-json\/wp\/v2\/media\/25634"}],"wp:attachment":[{"href":"https:\/\/www.hapy-com.fr\/echoppe\/wp-json\/wp\/v2\/media?parent=25635"}],"wp:term":[{"taxonomy":"product_cat","embeddable":true,"href":"https:\/\/www.hapy-com.fr\/echoppe\/wp-json\/wp\/v2\/product_cat?post=25635"},{"taxonomy":"product_tag","embeddable":true,"href":"https:\/\/www.hapy-com.fr\/echoppe\/wp-json\/wp\/v2\/product_tag?post=25635"}],"curies":[{"name":"wp","href":"https:\/\/api.w.org\/{rel}","templated":true}]}}