{"id":25649,"date":"2022-06-24T14:35:15","date_gmt":"2022-06-24T12:35:15","guid":{"rendered":"http:\/\/www.hapy-com.fr\/echoppe\/product\/patch-chaud-froid-debbly-3\/"},"modified":"2022-06-24T14:35:15","modified_gmt":"2022-06-24T12:35:15","slug":"patch-chaud-froid-debbly-3","status":"publish","type":"product","link":"https:\/\/www.hapy-com.fr\/echoppe\/product\/patch-chaud-froid-debbly-3\/","title":{"rendered":"Patch Chaud-Froid Debbly"},"content":{"rendered":"<p>Patch thermique r\u00e9utilisable avec effet froid et chaud de longue dur\u00e9e propos\u00e9 dans diff\u00e9rentes couleurs. Marquage pr\u00e9vu sur le rabat.Pour un effet de chaleur, mettre de l\u00b4eau \u00e0 chauffer et y d\u00e9poser le patch. Pour un effet froid, mettre le patch au r\u00e9frig\u00e9rateur ou au cong\u00e9lateur.<\/p>\n","protected":false},"excerpt":{"rendered":"<p>Patch thermique r\u00e9utilisable avec effet froid et chaud de longue dur\u00e9e propos\u00e9 dans diff\u00e9rentes couleurs. Marquage pr\u00e9vu sur le rabat.Pour un effet de chaleur, mettre de l\u00b4eau \u00e0 chauffer et&#8230;<\/p>\n","protected":false},"featured_media":25648,"template":"","meta":[],"product_cat":[364],"product_tag":[],"class_list":{"0":"post-25649","1":"product","2":"type-product","3":"status-publish","4":"has-post-thumbnail","6":"product_cat-sport-et-aventure","8":"first","9":"instock","10":"shipping-taxable","11":"purchasable","12":"product-type-simple"},"_links":{"self":[{"href":"https:\/\/www.hapy-com.fr\/echoppe\/wp-json\/wp\/v2\/product\/25649","targetHints":{"allow":["GET"]}}],"collection":[{"href":"https:\/\/www.hapy-com.fr\/echoppe\/wp-json\/wp\/v2\/product"}],"about":[{"href":"https:\/\/www.hapy-com.fr\/echoppe\/wp-json\/wp\/v2\/types\/product"}],"wp:featuredmedia":[{"embeddable":true,"href":"https:\/\/www.hapy-com.fr\/echoppe\/wp-json\/wp\/v2\/media\/25648"}],"wp:attachment":[{"href":"https:\/\/www.hapy-com.fr\/echoppe\/wp-json\/wp\/v2\/media?parent=25649"}],"wp:term":[{"taxonomy":"product_cat","embeddable":true,"href":"https:\/\/www.hapy-com.fr\/echoppe\/wp-json\/wp\/v2\/product_cat?post=25649"},{"taxonomy":"product_tag","embeddable":true,"href":"https:\/\/www.hapy-com.fr\/echoppe\/wp-json\/wp\/v2\/product_tag?post=25649"}],"curies":[{"name":"wp","href":"https:\/\/api.w.org\/{rel}","templated":true}]}}