{"id":25653,"date":"2022-06-24T14:35:19","date_gmt":"2022-06-24T12:35:19","guid":{"rendered":"http:\/\/www.hapy-com.fr\/echoppe\/product\/multi-outils-roseca\/"},"modified":"2022-06-24T14:35:19","modified_gmt":"2022-06-24T12:35:19","slug":"multi-outils-roseca","status":"publish","type":"product","link":"https:\/\/www.hapy-com.fr\/echoppe\/product\/multi-outils-roseca\/","title":{"rendered":"Multi Outils Roseca"},"content":{"rendered":"<p>Outil multifonctions &#8211; 13 fonctions- avec corps r\u00e9sistant en acier inoxydable. Avec fonctions ouvre-bo\u00eetes, couteau, tournevis, r\u00e8gle, ouvre-bouteilles, cl\u00e9s pour \u00e9crous, scie et mousqueton. Livr\u00e9 en boite individuelle.<\/p>\n","protected":false},"excerpt":{"rendered":"<p>Outil multifonctions &#8211; 13 fonctions- avec corps r\u00e9sistant en acier inoxydable. Avec fonctions ouvre-bo\u00eetes, couteau, tournevis, r\u00e8gle, ouvre-bouteilles, cl\u00e9s pour \u00e9crous, scie et mousqueton. Livr\u00e9 en boite individuelle.<\/p>\n","protected":false},"featured_media":25652,"template":"","meta":[],"product_cat":[364],"product_tag":[],"class_list":{"0":"post-25653","1":"product","2":"type-product","3":"status-publish","4":"has-post-thumbnail","6":"product_cat-sport-et-aventure","8":"first","9":"instock","10":"shipping-taxable","11":"purchasable","12":"product-type-simple"},"_links":{"self":[{"href":"https:\/\/www.hapy-com.fr\/echoppe\/wp-json\/wp\/v2\/product\/25653","targetHints":{"allow":["GET"]}}],"collection":[{"href":"https:\/\/www.hapy-com.fr\/echoppe\/wp-json\/wp\/v2\/product"}],"about":[{"href":"https:\/\/www.hapy-com.fr\/echoppe\/wp-json\/wp\/v2\/types\/product"}],"wp:featuredmedia":[{"embeddable":true,"href":"https:\/\/www.hapy-com.fr\/echoppe\/wp-json\/wp\/v2\/media\/25652"}],"wp:attachment":[{"href":"https:\/\/www.hapy-com.fr\/echoppe\/wp-json\/wp\/v2\/media?parent=25653"}],"wp:term":[{"taxonomy":"product_cat","embeddable":true,"href":"https:\/\/www.hapy-com.fr\/echoppe\/wp-json\/wp\/v2\/product_cat?post=25653"},{"taxonomy":"product_tag","embeddable":true,"href":"https:\/\/www.hapy-com.fr\/echoppe\/wp-json\/wp\/v2\/product_tag?post=25653"}],"curies":[{"name":"wp","href":"https:\/\/api.w.org\/{rel}","templated":true}]}}