{"id":25668,"date":"2022-06-24T14:35:30","date_gmt":"2022-06-24T12:35:30","guid":{"rendered":"http:\/\/www.hapy-com.fr\/echoppe\/product\/bracelet-antimousques-telfin\/"},"modified":"2022-06-24T14:35:30","modified_gmt":"2022-06-24T12:35:30","slug":"bracelet-antimousques-telfin","status":"publish","type":"product","link":"https:\/\/www.hapy-com.fr\/echoppe\/product\/bracelet-antimousques-telfin\/","title":{"rendered":"Bracelet Antimousques Telfin"},"content":{"rendered":"<p>Bracelet antimoustiques \u00e0 ultrasons disponible en coloris vifs. Pour une utilisation multiple : maison, nature, cr\u00e8ches, animaux domestiques&#8230;. Pr\u00e9sent\u00e9 dans un \u00e9l\u00e9gant sachet refermable.<\/p>\n","protected":false},"excerpt":{"rendered":"<p>Bracelet antimoustiques \u00e0 ultrasons disponible en coloris vifs. Pour une utilisation multiple : maison, nature, cr\u00e8ches, animaux domestiques&#8230;. Pr\u00e9sent\u00e9 dans un \u00e9l\u00e9gant sachet refermable.<\/p>\n","protected":false},"featured_media":25666,"template":"","meta":[],"product_cat":[364],"product_tag":[],"class_list":{"0":"post-25668","1":"product","2":"type-product","3":"status-publish","4":"has-post-thumbnail","6":"product_cat-sport-et-aventure","8":"first","9":"instock","10":"shipping-taxable","11":"purchasable","12":"product-type-simple"},"_links":{"self":[{"href":"https:\/\/www.hapy-com.fr\/echoppe\/wp-json\/wp\/v2\/product\/25668","targetHints":{"allow":["GET"]}}],"collection":[{"href":"https:\/\/www.hapy-com.fr\/echoppe\/wp-json\/wp\/v2\/product"}],"about":[{"href":"https:\/\/www.hapy-com.fr\/echoppe\/wp-json\/wp\/v2\/types\/product"}],"wp:featuredmedia":[{"embeddable":true,"href":"https:\/\/www.hapy-com.fr\/echoppe\/wp-json\/wp\/v2\/media\/25666"}],"wp:attachment":[{"href":"https:\/\/www.hapy-com.fr\/echoppe\/wp-json\/wp\/v2\/media?parent=25668"}],"wp:term":[{"taxonomy":"product_cat","embeddable":true,"href":"https:\/\/www.hapy-com.fr\/echoppe\/wp-json\/wp\/v2\/product_cat?post=25668"},{"taxonomy":"product_tag","embeddable":true,"href":"https:\/\/www.hapy-com.fr\/echoppe\/wp-json\/wp\/v2\/product_tag?post=25668"}],"curies":[{"name":"wp","href":"https:\/\/api.w.org\/{rel}","templated":true}]}}