{"id":25683,"date":"2022-06-24T14:35:49","date_gmt":"2022-06-24T12:35:49","guid":{"rendered":"http:\/\/www.hapy-com.fr\/echoppe\/product\/poncho-domin-2\/"},"modified":"2022-06-24T14:35:49","modified_gmt":"2022-06-24T12:35:49","slug":"poncho-domin-2","status":"publish","type":"product","link":"https:\/\/www.hapy-com.fr\/echoppe\/product\/poncho-domin-2\/","title":{"rendered":"Poncho Domin"},"content":{"rendered":"<p>Poncho pour adulte en mat\u00e9riel LDPE. Dans les mesures 120x95cm et pr\u00e9sent\u00e9 en couverture de polyester dans une vari\u00e9t\u00e9 de couleurs vives, sp\u00e9cialement con\u00e7us pour le marquage. Sac avec cordon \u00e0 fermeture automatique avec accessoire de r\u00e9glage et mousqueton de transport.<\/p>\n","protected":false},"excerpt":{"rendered":"<p>Poncho pour adulte en mat\u00e9riel LDPE. Dans les mesures 120x95cm et pr\u00e9sent\u00e9 en couverture de polyester dans une vari\u00e9t\u00e9 de couleurs vives, sp\u00e9cialement con\u00e7us pour le marquage. Sac avec cordon&#8230;<\/p>\n","protected":false},"featured_media":25682,"template":"","meta":[],"product_cat":[364],"product_tag":[],"class_list":{"0":"post-25683","1":"product","2":"type-product","3":"status-publish","4":"has-post-thumbnail","6":"product_cat-sport-et-aventure","8":"first","9":"instock","10":"shipping-taxable","11":"purchasable","12":"product-type-simple"},"_links":{"self":[{"href":"https:\/\/www.hapy-com.fr\/echoppe\/wp-json\/wp\/v2\/product\/25683","targetHints":{"allow":["GET"]}}],"collection":[{"href":"https:\/\/www.hapy-com.fr\/echoppe\/wp-json\/wp\/v2\/product"}],"about":[{"href":"https:\/\/www.hapy-com.fr\/echoppe\/wp-json\/wp\/v2\/types\/product"}],"wp:featuredmedia":[{"embeddable":true,"href":"https:\/\/www.hapy-com.fr\/echoppe\/wp-json\/wp\/v2\/media\/25682"}],"wp:attachment":[{"href":"https:\/\/www.hapy-com.fr\/echoppe\/wp-json\/wp\/v2\/media?parent=25683"}],"wp:term":[{"taxonomy":"product_cat","embeddable":true,"href":"https:\/\/www.hapy-com.fr\/echoppe\/wp-json\/wp\/v2\/product_cat?post=25683"},{"taxonomy":"product_tag","embeddable":true,"href":"https:\/\/www.hapy-com.fr\/echoppe\/wp-json\/wp\/v2\/product_tag?post=25683"}],"curies":[{"name":"wp","href":"https:\/\/api.w.org\/{rel}","templated":true}]}}