{"id":25699,"date":"2022-06-24T14:36:04","date_gmt":"2022-06-24T12:36:04","guid":{"rendered":"http:\/\/www.hapy-com.fr\/echoppe\/product\/support-lonter\/"},"modified":"2022-06-24T14:36:04","modified_gmt":"2022-06-24T12:36:04","slug":"support-lonter","status":"publish","type":"product","link":"https:\/\/www.hapy-com.fr\/echoppe\/product\/support-lonter\/","title":{"rendered":"Support Lonter"},"content":{"rendered":"<p>Porte-poign\u00e9e pratique et robuste pour smartphone. Avec 3 positions, rotation 360degr\u00e9 et angle d inclinaison jusqu \u00e0 45degr\u00e9. Pince d adh\u00e9rence solide et pr\u00e9sent\u00e9 dans le bo\u00eetier de conception attrayant.<\/p>\n","protected":false},"excerpt":{"rendered":"<p>Porte-poign\u00e9e pratique et robuste pour smartphone. Avec 3 positions, rotation 360degr\u00e9 et angle d inclinaison jusqu \u00e0 45degr\u00e9. Pince d adh\u00e9rence solide et pr\u00e9sent\u00e9 dans le bo\u00eetier de conception attrayant.<\/p>\n","protected":false},"featured_media":25698,"template":"","meta":[],"product_cat":[364],"product_tag":[],"class_list":{"0":"post-25699","1":"product","2":"type-product","3":"status-publish","4":"has-post-thumbnail","6":"product_cat-sport-et-aventure","8":"first","9":"instock","10":"shipping-taxable","11":"purchasable","12":"product-type-simple"},"_links":{"self":[{"href":"https:\/\/www.hapy-com.fr\/echoppe\/wp-json\/wp\/v2\/product\/25699","targetHints":{"allow":["GET"]}}],"collection":[{"href":"https:\/\/www.hapy-com.fr\/echoppe\/wp-json\/wp\/v2\/product"}],"about":[{"href":"https:\/\/www.hapy-com.fr\/echoppe\/wp-json\/wp\/v2\/types\/product"}],"wp:featuredmedia":[{"embeddable":true,"href":"https:\/\/www.hapy-com.fr\/echoppe\/wp-json\/wp\/v2\/media\/25698"}],"wp:attachment":[{"href":"https:\/\/www.hapy-com.fr\/echoppe\/wp-json\/wp\/v2\/media?parent=25699"}],"wp:term":[{"taxonomy":"product_cat","embeddable":true,"href":"https:\/\/www.hapy-com.fr\/echoppe\/wp-json\/wp\/v2\/product_cat?post=25699"},{"taxonomy":"product_tag","embeddable":true,"href":"https:\/\/www.hapy-com.fr\/echoppe\/wp-json\/wp\/v2\/product_tag?post=25699"}],"curies":[{"name":"wp","href":"https:\/\/api.w.org\/{rel}","templated":true}]}}