{"id":25708,"date":"2022-06-24T14:36:17","date_gmt":"2022-06-24T12:36:17","guid":{"rendered":"http:\/\/www.hapy-com.fr\/echoppe\/product\/corde-a-sauter-galtax-4\/"},"modified":"2022-06-24T14:36:17","modified_gmt":"2022-06-24T12:36:17","slug":"corde-a-sauter-galtax-4","status":"publish","type":"product","link":"https:\/\/www.hapy-com.fr\/echoppe\/product\/corde-a-sauter-galtax-4\/","title":{"rendered":"Corde \u00e0 Sauter Galtax"},"content":{"rendered":"<p>Corde \u00e0 sauter extra longue de 240 cm. Poign\u00e9es en bois verni r\u00e9sistant. Pr\u00e9sentation pli\u00e9e. Disponible en diff\u00e9rentes couleurs.<\/p>\n","protected":false},"excerpt":{"rendered":"<p>Corde \u00e0 sauter extra longue de 240 cm. Poign\u00e9es en bois verni r\u00e9sistant. Pr\u00e9sentation pli\u00e9e. Disponible en diff\u00e9rentes couleurs.<\/p>\n","protected":false},"featured_media":25707,"template":"","meta":[],"product_cat":[364],"product_tag":[],"class_list":{"0":"post-25708","1":"product","2":"type-product","3":"status-publish","4":"has-post-thumbnail","6":"product_cat-sport-et-aventure","8":"first","9":"instock","10":"shipping-taxable","11":"purchasable","12":"product-type-simple"},"_links":{"self":[{"href":"https:\/\/www.hapy-com.fr\/echoppe\/wp-json\/wp\/v2\/product\/25708","targetHints":{"allow":["GET"]}}],"collection":[{"href":"https:\/\/www.hapy-com.fr\/echoppe\/wp-json\/wp\/v2\/product"}],"about":[{"href":"https:\/\/www.hapy-com.fr\/echoppe\/wp-json\/wp\/v2\/types\/product"}],"wp:featuredmedia":[{"embeddable":true,"href":"https:\/\/www.hapy-com.fr\/echoppe\/wp-json\/wp\/v2\/media\/25707"}],"wp:attachment":[{"href":"https:\/\/www.hapy-com.fr\/echoppe\/wp-json\/wp\/v2\/media?parent=25708"}],"wp:term":[{"taxonomy":"product_cat","embeddable":true,"href":"https:\/\/www.hapy-com.fr\/echoppe\/wp-json\/wp\/v2\/product_cat?post=25708"},{"taxonomy":"product_tag","embeddable":true,"href":"https:\/\/www.hapy-com.fr\/echoppe\/wp-json\/wp\/v2\/product_tag?post=25708"}],"curies":[{"name":"wp","href":"https:\/\/api.w.org\/{rel}","templated":true}]}}