{"id":25729,"date":"2022-06-24T14:36:39","date_gmt":"2022-06-24T12:36:39","guid":{"rendered":"http:\/\/www.hapy-com.fr\/echoppe\/product\/serviette-absorbante-kefan-7\/"},"modified":"2022-06-24T14:36:39","modified_gmt":"2022-06-24T12:36:39","slug":"serviette-absorbante-kefan-7","status":"publish","type":"product","link":"https:\/\/www.hapy-com.fr\/echoppe\/product\/serviette-absorbante-kefan-7\/","title":{"rendered":"Serviette Absorbante Kefan"},"content":{"rendered":"<p>Serviette absorbante en microfibre.Taille 40&#215;90 cm, en microfibre 160gr \/ m2. Disponible dans une large gamme de couleurs, avec bande \u00e9lastique blanche pour le marquage. *Pour les commandes avec impression, le co\u00fbt du marquage doit \u00eatre major\u00e9 de + 0,20 \/ unit\u00e9 pour traitement sp\u00e9cial.*<\/p>\n","protected":false},"excerpt":{"rendered":"<p>Serviette absorbante en microfibre.Taille 40&#215;90 cm, en microfibre 160gr \/ m2. Disponible dans une large gamme de couleurs, avec bande \u00e9lastique blanche pour le marquage. *Pour les commandes avec impression,&#8230;<\/p>\n","protected":false},"featured_media":25728,"template":"","meta":[],"product_cat":[364],"product_tag":[],"class_list":{"0":"post-25729","1":"product","2":"type-product","3":"status-publish","4":"has-post-thumbnail","6":"product_cat-sport-et-aventure","8":"first","9":"instock","10":"shipping-taxable","11":"purchasable","12":"product-type-simple"},"_links":{"self":[{"href":"https:\/\/www.hapy-com.fr\/echoppe\/wp-json\/wp\/v2\/product\/25729","targetHints":{"allow":["GET"]}}],"collection":[{"href":"https:\/\/www.hapy-com.fr\/echoppe\/wp-json\/wp\/v2\/product"}],"about":[{"href":"https:\/\/www.hapy-com.fr\/echoppe\/wp-json\/wp\/v2\/types\/product"}],"wp:featuredmedia":[{"embeddable":true,"href":"https:\/\/www.hapy-com.fr\/echoppe\/wp-json\/wp\/v2\/media\/25728"}],"wp:attachment":[{"href":"https:\/\/www.hapy-com.fr\/echoppe\/wp-json\/wp\/v2\/media?parent=25729"}],"wp:term":[{"taxonomy":"product_cat","embeddable":true,"href":"https:\/\/www.hapy-com.fr\/echoppe\/wp-json\/wp\/v2\/product_cat?post=25729"},{"taxonomy":"product_tag","embeddable":true,"href":"https:\/\/www.hapy-com.fr\/echoppe\/wp-json\/wp\/v2\/product_tag?post=25729"}],"curies":[{"name":"wp","href":"https:\/\/api.w.org\/{rel}","templated":true}]}}