{"id":25731,"date":"2022-06-24T14:36:40","date_gmt":"2022-06-24T12:36:40","guid":{"rendered":"http:\/\/www.hapy-com.fr\/echoppe\/product\/pelle-a-neige-skabix\/"},"modified":"2022-06-24T14:36:40","modified_gmt":"2022-06-24T12:36:40","slug":"pelle-a-neige-skabix","status":"publish","type":"product","link":"https:\/\/www.hapy-com.fr\/echoppe\/product\/pelle-a-neige-skabix\/","title":{"rendered":"Pelle \u00e0 Neige Skabix"},"content":{"rendered":"<p>Pelle pratique pour plier la neige. En acier au carbone r\u00e9sistant, avec scie lat\u00e9rale et pr\u00e9sent\u00e9 dans un bo\u00eetier durable avec fermeture velcro.<\/p>\n","protected":false},"excerpt":{"rendered":"<p>Pelle pratique pour plier la neige. En acier au carbone r\u00e9sistant, avec scie lat\u00e9rale et pr\u00e9sent\u00e9 dans un bo\u00eetier durable avec fermeture velcro.<\/p>\n","protected":false},"featured_media":25730,"template":"","meta":[],"product_cat":[364],"product_tag":[],"class_list":{"0":"post-25731","1":"product","2":"type-product","3":"status-publish","4":"has-post-thumbnail","6":"product_cat-sport-et-aventure","8":"first","9":"instock","10":"shipping-taxable","11":"purchasable","12":"product-type-simple"},"_links":{"self":[{"href":"https:\/\/www.hapy-com.fr\/echoppe\/wp-json\/wp\/v2\/product\/25731","targetHints":{"allow":["GET"]}}],"collection":[{"href":"https:\/\/www.hapy-com.fr\/echoppe\/wp-json\/wp\/v2\/product"}],"about":[{"href":"https:\/\/www.hapy-com.fr\/echoppe\/wp-json\/wp\/v2\/types\/product"}],"wp:featuredmedia":[{"embeddable":true,"href":"https:\/\/www.hapy-com.fr\/echoppe\/wp-json\/wp\/v2\/media\/25730"}],"wp:attachment":[{"href":"https:\/\/www.hapy-com.fr\/echoppe\/wp-json\/wp\/v2\/media?parent=25731"}],"wp:term":[{"taxonomy":"product_cat","embeddable":true,"href":"https:\/\/www.hapy-com.fr\/echoppe\/wp-json\/wp\/v2\/product_cat?post=25731"},{"taxonomy":"product_tag","embeddable":true,"href":"https:\/\/www.hapy-com.fr\/echoppe\/wp-json\/wp\/v2\/product_tag?post=25731"}],"curies":[{"name":"wp","href":"https:\/\/api.w.org\/{rel}","templated":true}]}}