{"id":25736,"date":"2022-06-24T14:36:46","date_gmt":"2022-06-24T12:36:46","guid":{"rendered":"http:\/\/www.hapy-com.fr\/echoppe\/product\/bande-de-resistance-nayan-2\/"},"modified":"2022-06-24T14:36:46","modified_gmt":"2022-06-24T12:36:46","slug":"bande-de-resistance-nayan-2","status":"publish","type":"product","link":"https:\/\/www.hapy-com.fr\/echoppe\/product\/bande-de-resistance-nayan-2\/","title":{"rendered":"Bande de R\u00e9sistance Nayan"},"content":{"rendered":"<p>Bande de r\u00e9sistance ou \u00e9lastique fitness en latex r\u00e9sistant et disponible diff\u00e9rentes couleurs avec une finition brillante.<\/p>\n","protected":false},"excerpt":{"rendered":"<p>Bande de r\u00e9sistance ou \u00e9lastique fitness en latex r\u00e9sistant et disponible diff\u00e9rentes couleurs avec une finition brillante.<\/p>\n","protected":false},"featured_media":25735,"template":"","meta":[],"product_cat":[364],"product_tag":[],"class_list":{"0":"post-25736","1":"product","2":"type-product","3":"status-publish","4":"has-post-thumbnail","6":"product_cat-sport-et-aventure","8":"first","9":"instock","10":"shipping-taxable","11":"purchasable","12":"product-type-simple"},"_links":{"self":[{"href":"https:\/\/www.hapy-com.fr\/echoppe\/wp-json\/wp\/v2\/product\/25736","targetHints":{"allow":["GET"]}}],"collection":[{"href":"https:\/\/www.hapy-com.fr\/echoppe\/wp-json\/wp\/v2\/product"}],"about":[{"href":"https:\/\/www.hapy-com.fr\/echoppe\/wp-json\/wp\/v2\/types\/product"}],"wp:featuredmedia":[{"embeddable":true,"href":"https:\/\/www.hapy-com.fr\/echoppe\/wp-json\/wp\/v2\/media\/25735"}],"wp:attachment":[{"href":"https:\/\/www.hapy-com.fr\/echoppe\/wp-json\/wp\/v2\/media?parent=25736"}],"wp:term":[{"taxonomy":"product_cat","embeddable":true,"href":"https:\/\/www.hapy-com.fr\/echoppe\/wp-json\/wp\/v2\/product_cat?post=25736"},{"taxonomy":"product_tag","embeddable":true,"href":"https:\/\/www.hapy-com.fr\/echoppe\/wp-json\/wp\/v2\/product_tag?post=25736"}],"curies":[{"name":"wp","href":"https:\/\/api.w.org\/{rel}","templated":true}]}}