{"id":25753,"date":"2022-06-24T14:37:06","date_gmt":"2022-06-24T12:37:06","guid":{"rendered":"http:\/\/www.hapy-com.fr\/echoppe\/product\/etui-selle-lespley-2\/"},"modified":"2022-06-24T14:37:06","modified_gmt":"2022-06-24T12:37:06","slug":"etui-selle-lespley-2","status":"publish","type":"product","link":"https:\/\/www.hapy-com.fr\/echoppe\/product\/etui-selle-lespley-2\/","title":{"rendered":"\u00c9tui Selle Lespley"},"content":{"rendered":"<p>Housse de selle en polyester 190T pratique et r\u00e9sistante. Adaptable \u00e0 tous types de selles et disponible dans plusieurs coloris.<\/p>\n","protected":false},"excerpt":{"rendered":"<p>Housse de selle en polyester 190T pratique et r\u00e9sistante. Adaptable \u00e0 tous types de selles et disponible dans plusieurs coloris.<\/p>\n","protected":false},"featured_media":25752,"template":"","meta":[],"product_cat":[364],"product_tag":[],"class_list":{"0":"post-25753","1":"product","2":"type-product","3":"status-publish","4":"has-post-thumbnail","6":"product_cat-sport-et-aventure","8":"first","9":"instock","10":"shipping-taxable","11":"purchasable","12":"product-type-simple"},"_links":{"self":[{"href":"https:\/\/www.hapy-com.fr\/echoppe\/wp-json\/wp\/v2\/product\/25753","targetHints":{"allow":["GET"]}}],"collection":[{"href":"https:\/\/www.hapy-com.fr\/echoppe\/wp-json\/wp\/v2\/product"}],"about":[{"href":"https:\/\/www.hapy-com.fr\/echoppe\/wp-json\/wp\/v2\/types\/product"}],"wp:featuredmedia":[{"embeddable":true,"href":"https:\/\/www.hapy-com.fr\/echoppe\/wp-json\/wp\/v2\/media\/25752"}],"wp:attachment":[{"href":"https:\/\/www.hapy-com.fr\/echoppe\/wp-json\/wp\/v2\/media?parent=25753"}],"wp:term":[{"taxonomy":"product_cat","embeddable":true,"href":"https:\/\/www.hapy-com.fr\/echoppe\/wp-json\/wp\/v2\/product_cat?post=25753"},{"taxonomy":"product_tag","embeddable":true,"href":"https:\/\/www.hapy-com.fr\/echoppe\/wp-json\/wp\/v2\/product_tag?post=25753"}],"curies":[{"name":"wp","href":"https:\/\/api.w.org\/{rel}","templated":true}]}}