{"id":25791,"date":"2022-06-24T14:37:40","date_gmt":"2022-06-24T12:37:40","guid":{"rendered":"http:\/\/www.hapy-com.fr\/echoppe\/product\/poncho-birtox-3\/"},"modified":"2022-06-24T14:37:40","modified_gmt":"2022-06-24T12:37:40","slug":"poncho-birtox-3","status":"publish","type":"product","link":"https:\/\/www.hapy-com.fr\/echoppe\/product\/poncho-birtox-3\/","title":{"rendered":"Poncho Birtox"},"content":{"rendered":"<p>Poncho adulte en LDPE 127&#215;102 cm, couleur blanche et finition givr\u00e9e. Pr\u00e9sent\u00e9 dans un \u00e9tui individuel avec un couvercle et un mousqueton assorti. Bo\u00eetier disponible dans une large gamme de couleurs. Taille unique pour tous.<\/p>\n","protected":false},"excerpt":{"rendered":"<p>Poncho adulte en LDPE 127&#215;102 cm, couleur blanche et finition givr\u00e9e. Pr\u00e9sent\u00e9 dans un \u00e9tui individuel avec un couvercle et un mousqueton assorti. Bo\u00eetier disponible dans une large gamme de&#8230;<\/p>\n","protected":false},"featured_media":25790,"template":"","meta":[],"product_cat":[364],"product_tag":[],"class_list":{"0":"post-25791","1":"product","2":"type-product","3":"status-publish","4":"has-post-thumbnail","6":"product_cat-sport-et-aventure","8":"first","9":"instock","10":"shipping-taxable","11":"purchasable","12":"product-type-simple"},"_links":{"self":[{"href":"https:\/\/www.hapy-com.fr\/echoppe\/wp-json\/wp\/v2\/product\/25791","targetHints":{"allow":["GET"]}}],"collection":[{"href":"https:\/\/www.hapy-com.fr\/echoppe\/wp-json\/wp\/v2\/product"}],"about":[{"href":"https:\/\/www.hapy-com.fr\/echoppe\/wp-json\/wp\/v2\/types\/product"}],"wp:featuredmedia":[{"embeddable":true,"href":"https:\/\/www.hapy-com.fr\/echoppe\/wp-json\/wp\/v2\/media\/25790"}],"wp:attachment":[{"href":"https:\/\/www.hapy-com.fr\/echoppe\/wp-json\/wp\/v2\/media?parent=25791"}],"wp:term":[{"taxonomy":"product_cat","embeddable":true,"href":"https:\/\/www.hapy-com.fr\/echoppe\/wp-json\/wp\/v2\/product_cat?post=25791"},{"taxonomy":"product_tag","embeddable":true,"href":"https:\/\/www.hapy-com.fr\/echoppe\/wp-json\/wp\/v2\/product_tag?post=25791"}],"curies":[{"name":"wp","href":"https:\/\/api.w.org\/{rel}","templated":true}]}}