{"id":25806,"date":"2022-06-24T14:37:52","date_gmt":"2022-06-24T12:37:52","guid":{"rendered":"http:\/\/www.hapy-com.fr\/echoppe\/product\/natte-nodal-4\/"},"modified":"2022-06-24T14:37:52","modified_gmt":"2022-06-24T12:37:52","slug":"natte-nodal-4","status":"publish","type":"product","link":"https:\/\/www.hapy-com.fr\/echoppe\/product\/natte-nodal-4\/","title":{"rendered":"Natte Nodal"},"content":{"rendered":"<p>Tapis de yoga et autres activit\u00e9s en mat\u00e9riau PVC r\u00e9sistant et souple. 60&#215;180 cm, avec poign\u00e9es et sac de transport. Disponible dans une large gamme de couleurs. *Pour les commandes avec impression, le co\u00fbt du marquage doit \u00eatre major\u00e9 de + 0,20 \/ unit\u00e9 pour traitement sp\u00e9cial.*<\/p>\n","protected":false},"excerpt":{"rendered":"<p>Tapis de yoga et autres activit\u00e9s en mat\u00e9riau PVC r\u00e9sistant et souple. 60&#215;180 cm, avec poign\u00e9es et sac de transport. Disponible dans une large gamme de couleurs. *Pour les commandes&#8230;<\/p>\n","protected":false},"featured_media":25805,"template":"","meta":[],"product_cat":[364],"product_tag":[],"class_list":{"0":"post-25806","1":"product","2":"type-product","3":"status-publish","4":"has-post-thumbnail","6":"product_cat-sport-et-aventure","8":"first","9":"instock","10":"shipping-taxable","11":"purchasable","12":"product-type-simple"},"_links":{"self":[{"href":"https:\/\/www.hapy-com.fr\/echoppe\/wp-json\/wp\/v2\/product\/25806","targetHints":{"allow":["GET"]}}],"collection":[{"href":"https:\/\/www.hapy-com.fr\/echoppe\/wp-json\/wp\/v2\/product"}],"about":[{"href":"https:\/\/www.hapy-com.fr\/echoppe\/wp-json\/wp\/v2\/types\/product"}],"wp:featuredmedia":[{"embeddable":true,"href":"https:\/\/www.hapy-com.fr\/echoppe\/wp-json\/wp\/v2\/media\/25805"}],"wp:attachment":[{"href":"https:\/\/www.hapy-com.fr\/echoppe\/wp-json\/wp\/v2\/media?parent=25806"}],"wp:term":[{"taxonomy":"product_cat","embeddable":true,"href":"https:\/\/www.hapy-com.fr\/echoppe\/wp-json\/wp\/v2\/product_cat?post=25806"},{"taxonomy":"product_tag","embeddable":true,"href":"https:\/\/www.hapy-com.fr\/echoppe\/wp-json\/wp\/v2\/product_tag?post=25806"}],"curies":[{"name":"wp","href":"https:\/\/api.w.org\/{rel}","templated":true}]}}