{"id":25809,"date":"2022-06-24T14:37:55","date_gmt":"2022-06-24T12:37:55","guid":{"rendered":"http:\/\/www.hapy-com.fr\/echoppe\/product\/bracelet-multifonction-kupra\/"},"modified":"2022-06-24T14:37:55","modified_gmt":"2022-06-24T12:37:55","slug":"bracelet-multifonction-kupra","status":"publish","type":"product","link":"https:\/\/www.hapy-com.fr\/echoppe\/product\/bracelet-multifonction-kupra\/","title":{"rendered":"Bracelet Multifonction Kupra"},"content":{"rendered":"<p>Brassard multifonctions pour les amateurs d\u00b4aventure. En nylon r\u00e9sistant, avec 5 fonctions : brassard, boussole, sifflet, allume feu et ouvre bo\u00eete. Disponible dans une large gamme de couleurs, avec fermeture \u00e0 boucle de s\u00e9curit\u00e9.<\/p>\n","protected":false},"excerpt":{"rendered":"<p>Brassard multifonctions pour les amateurs d\u00b4aventure. En nylon r\u00e9sistant, avec 5 fonctions : brassard, boussole, sifflet, allume feu et ouvre bo\u00eete. Disponible dans une large gamme de couleurs, avec fermeture&#8230;<\/p>\n","protected":false},"featured_media":25807,"template":"","meta":[],"product_cat":[364],"product_tag":[],"class_list":{"0":"post-25809","1":"product","2":"type-product","3":"status-publish","4":"has-post-thumbnail","6":"product_cat-sport-et-aventure","8":"first","9":"instock","10":"shipping-taxable","11":"purchasable","12":"product-type-simple"},"_links":{"self":[{"href":"https:\/\/www.hapy-com.fr\/echoppe\/wp-json\/wp\/v2\/product\/25809","targetHints":{"allow":["GET"]}}],"collection":[{"href":"https:\/\/www.hapy-com.fr\/echoppe\/wp-json\/wp\/v2\/product"}],"about":[{"href":"https:\/\/www.hapy-com.fr\/echoppe\/wp-json\/wp\/v2\/types\/product"}],"wp:featuredmedia":[{"embeddable":true,"href":"https:\/\/www.hapy-com.fr\/echoppe\/wp-json\/wp\/v2\/media\/25807"}],"wp:attachment":[{"href":"https:\/\/www.hapy-com.fr\/echoppe\/wp-json\/wp\/v2\/media?parent=25809"}],"wp:term":[{"taxonomy":"product_cat","embeddable":true,"href":"https:\/\/www.hapy-com.fr\/echoppe\/wp-json\/wp\/v2\/product_cat?post=25809"},{"taxonomy":"product_tag","embeddable":true,"href":"https:\/\/www.hapy-com.fr\/echoppe\/wp-json\/wp\/v2\/product_tag?post=25809"}],"curies":[{"name":"wp","href":"https:\/\/api.w.org\/{rel}","templated":true}]}}