{"id":25830,"date":"2022-06-24T14:38:12","date_gmt":"2022-06-24T12:38:12","guid":{"rendered":"http:\/\/www.hapy-com.fr\/echoppe\/product\/set-batons-brulen\/"},"modified":"2022-06-24T14:38:12","modified_gmt":"2022-06-24T12:38:12","slug":"set-batons-brulen","status":"publish","type":"product","link":"https:\/\/www.hapy-com.fr\/echoppe\/product\/set-batons-brulen\/","title":{"rendered":"Set B\u00e2tons Brulen"},"content":{"rendered":"<p>Ensemble de b\u00e2tons de sport pliants en aluminium r\u00e9sistant, avec m\u00e9canisme d\u00b4amortissement et accessoire en mousse souple pour reposer vos mains. Avec poign\u00e9e ergonomique confortable, sangle de s\u00e9curit\u00e9 r\u00e9glable et accessoire de neige. Surface de contact au sol renforc\u00e9e. Pr\u00e9sent\u00e9 dans un sac de transport avec bandouli\u00e8re. Disponibles en 3 couleurs.<\/p>\n","protected":false},"excerpt":{"rendered":"<p>Ensemble de b\u00e2tons de sport pliants en aluminium r\u00e9sistant, avec m\u00e9canisme d\u00b4amortissement et accessoire en mousse souple pour reposer vos mains. Avec poign\u00e9e ergonomique confortable, sangle de s\u00e9curit\u00e9 r\u00e9glable et&#8230;<\/p>\n","protected":false},"featured_media":25829,"template":"","meta":[],"product_cat":[364],"product_tag":[],"class_list":{"0":"post-25830","1":"product","2":"type-product","3":"status-publish","4":"has-post-thumbnail","6":"product_cat-sport-et-aventure","8":"first","9":"instock","10":"shipping-taxable","11":"purchasable","12":"product-type-simple"},"_links":{"self":[{"href":"https:\/\/www.hapy-com.fr\/echoppe\/wp-json\/wp\/v2\/product\/25830","targetHints":{"allow":["GET"]}}],"collection":[{"href":"https:\/\/www.hapy-com.fr\/echoppe\/wp-json\/wp\/v2\/product"}],"about":[{"href":"https:\/\/www.hapy-com.fr\/echoppe\/wp-json\/wp\/v2\/types\/product"}],"wp:featuredmedia":[{"embeddable":true,"href":"https:\/\/www.hapy-com.fr\/echoppe\/wp-json\/wp\/v2\/media\/25829"}],"wp:attachment":[{"href":"https:\/\/www.hapy-com.fr\/echoppe\/wp-json\/wp\/v2\/media?parent=25830"}],"wp:term":[{"taxonomy":"product_cat","embeddable":true,"href":"https:\/\/www.hapy-com.fr\/echoppe\/wp-json\/wp\/v2\/product_cat?post=25830"},{"taxonomy":"product_tag","embeddable":true,"href":"https:\/\/www.hapy-com.fr\/echoppe\/wp-json\/wp\/v2\/product_tag?post=25830"}],"curies":[{"name":"wp","href":"https:\/\/api.w.org\/{rel}","templated":true}]}}