{"id":25854,"date":"2022-06-24T14:38:32","date_gmt":"2022-06-24T12:38:32","guid":{"rendered":"http:\/\/www.hapy-com.fr\/echoppe\/product\/sac-kambax\/"},"modified":"2022-06-24T14:38:32","modified_gmt":"2022-06-24T12:38:32","slug":"sac-kambax","status":"publish","type":"product","link":"https:\/\/www.hapy-com.fr\/echoppe\/product\/sac-kambax\/","title":{"rendered":"Sac Kambax"},"content":{"rendered":"<p>Sac imperm\u00e9able dans ripstop doux et r\u00e9sistant avec fermeture de s\u00e9curit\u00e9 et capacit\u00e9 de 2l. Fen\u00eatre transparente dun c\u00f4t\u00e9 du sac avec surface tactile pour utiliser smartphone. Poign\u00e9e avec boucle de fermeture et carabinier pour le transport inclus. Disponible dans une large gamme de couleurs de finition brillante, avec des accessoires dajustement noir.<\/p>\n","protected":false},"excerpt":{"rendered":"<p>Sac imperm\u00e9able dans ripstop doux et r\u00e9sistant avec fermeture de s\u00e9curit\u00e9 et capacit\u00e9 de 2l. Fen\u00eatre transparente dun c\u00f4t\u00e9 du sac avec surface tactile pour utiliser smartphone. Poign\u00e9e avec boucle&#8230;<\/p>\n","protected":false},"featured_media":25852,"template":"","meta":[],"product_cat":[364],"product_tag":[],"class_list":{"0":"post-25854","1":"product","2":"type-product","3":"status-publish","4":"has-post-thumbnail","6":"product_cat-sport-et-aventure","8":"first","9":"instock","10":"shipping-taxable","11":"purchasable","12":"product-type-simple"},"_links":{"self":[{"href":"https:\/\/www.hapy-com.fr\/echoppe\/wp-json\/wp\/v2\/product\/25854","targetHints":{"allow":["GET"]}}],"collection":[{"href":"https:\/\/www.hapy-com.fr\/echoppe\/wp-json\/wp\/v2\/product"}],"about":[{"href":"https:\/\/www.hapy-com.fr\/echoppe\/wp-json\/wp\/v2\/types\/product"}],"wp:featuredmedia":[{"embeddable":true,"href":"https:\/\/www.hapy-com.fr\/echoppe\/wp-json\/wp\/v2\/media\/25852"}],"wp:attachment":[{"href":"https:\/\/www.hapy-com.fr\/echoppe\/wp-json\/wp\/v2\/media?parent=25854"}],"wp:term":[{"taxonomy":"product_cat","embeddable":true,"href":"https:\/\/www.hapy-com.fr\/echoppe\/wp-json\/wp\/v2\/product_cat?post=25854"},{"taxonomy":"product_tag","embeddable":true,"href":"https:\/\/www.hapy-com.fr\/echoppe\/wp-json\/wp\/v2\/product_tag?post=25854"}],"curies":[{"name":"wp","href":"https:\/\/api.w.org\/{rel}","templated":true}]}}