{"id":25863,"date":"2022-06-24T14:38:40","date_gmt":"2022-06-24T12:38:40","guid":{"rendered":"http:\/\/www.hapy-com.fr\/echoppe\/product\/poncho-reizon\/"},"modified":"2022-06-24T14:38:40","modified_gmt":"2022-06-24T12:38:40","slug":"poncho-reizon","status":"publish","type":"product","link":"https:\/\/www.hapy-com.fr\/echoppe\/product\/poncho-reizon\/","title":{"rendered":"Poncho Reizon"},"content":{"rendered":"<p>Poncho pour adultes en PLA r\u00e9sistant &#8211; acide polylactique, obtenu \u00e0 partir de ressources 100% naturelles telles que l\u00b4amidon de ma\u00efs, le manioc ou la canne \u00e0 sucre, et peut devenir 100% compostable \u00e0 la fin de son cycle de vie utile. Dimension 127 x 102 cm &#8211; taille unique &#8211; et pr\u00e9sent\u00e9 dans un sachet individel.<\/p>\n","protected":false},"excerpt":{"rendered":"<p>Poncho pour adultes en PLA r\u00e9sistant &#8211; acide polylactique, obtenu \u00e0 partir de ressources 100% naturelles telles que l\u00b4amidon de ma\u00efs, le manioc ou la canne \u00e0 sucre, et peut&#8230;<\/p>\n","protected":false},"featured_media":25861,"template":"","meta":[],"product_cat":[364],"product_tag":[],"class_list":{"0":"post-25863","1":"product","2":"type-product","3":"status-publish","4":"has-post-thumbnail","6":"product_cat-sport-et-aventure","8":"first","9":"instock","10":"shipping-taxable","11":"purchasable","12":"product-type-simple"},"_links":{"self":[{"href":"https:\/\/www.hapy-com.fr\/echoppe\/wp-json\/wp\/v2\/product\/25863","targetHints":{"allow":["GET"]}}],"collection":[{"href":"https:\/\/www.hapy-com.fr\/echoppe\/wp-json\/wp\/v2\/product"}],"about":[{"href":"https:\/\/www.hapy-com.fr\/echoppe\/wp-json\/wp\/v2\/types\/product"}],"wp:featuredmedia":[{"embeddable":true,"href":"https:\/\/www.hapy-com.fr\/echoppe\/wp-json\/wp\/v2\/media\/25861"}],"wp:attachment":[{"href":"https:\/\/www.hapy-com.fr\/echoppe\/wp-json\/wp\/v2\/media?parent=25863"}],"wp:term":[{"taxonomy":"product_cat","embeddable":true,"href":"https:\/\/www.hapy-com.fr\/echoppe\/wp-json\/wp\/v2\/product_cat?post=25863"},{"taxonomy":"product_tag","embeddable":true,"href":"https:\/\/www.hapy-com.fr\/echoppe\/wp-json\/wp\/v2\/product_tag?post=25863"}],"curies":[{"name":"wp","href":"https:\/\/api.w.org\/{rel}","templated":true}]}}