{"id":25866,"date":"2022-06-24T14:38:44","date_gmt":"2022-06-24T12:38:44","guid":{"rendered":"http:\/\/www.hapy-com.fr\/echoppe\/product\/sac-a-velo-leven\/"},"modified":"2022-06-24T14:38:44","modified_gmt":"2022-06-24T12:38:44","slug":"sac-a-velo-leven","status":"publish","type":"product","link":"https:\/\/www.hapy-com.fr\/echoppe\/product\/sac-a-velo-leven\/","title":{"rendered":"Sac \u00e0 V\u00e9lo Leven"},"content":{"rendered":"<p>Sac de v\u00e9lo en polyester 600D robuste avec int\u00e9rieur renforc\u00e9 en PVC. Disponible en noir. Compartiment principal avec fermeture \u00e9clair et ajustement universel du cadre du v\u00e9lo \u00e0 l\u2019aide de 3 sangles velcro. Compartiment \u00e0 tambour avec cordon r\u00e9glable.<\/p>\n","protected":false},"excerpt":{"rendered":"<p>Sac de v\u00e9lo en polyester 600D robuste avec int\u00e9rieur renforc\u00e9 en PVC. Disponible en noir. Compartiment principal avec fermeture \u00e9clair et ajustement universel du cadre du v\u00e9lo \u00e0 l\u2019aide de&#8230;<\/p>\n","protected":false},"featured_media":25864,"template":"","meta":[],"product_cat":[364],"product_tag":[],"class_list":{"0":"post-25866","1":"product","2":"type-product","3":"status-publish","4":"has-post-thumbnail","6":"product_cat-sport-et-aventure","8":"first","9":"instock","10":"shipping-taxable","11":"purchasable","12":"product-type-simple"},"_links":{"self":[{"href":"https:\/\/www.hapy-com.fr\/echoppe\/wp-json\/wp\/v2\/product\/25866","targetHints":{"allow":["GET"]}}],"collection":[{"href":"https:\/\/www.hapy-com.fr\/echoppe\/wp-json\/wp\/v2\/product"}],"about":[{"href":"https:\/\/www.hapy-com.fr\/echoppe\/wp-json\/wp\/v2\/types\/product"}],"wp:featuredmedia":[{"embeddable":true,"href":"https:\/\/www.hapy-com.fr\/echoppe\/wp-json\/wp\/v2\/media\/25864"}],"wp:attachment":[{"href":"https:\/\/www.hapy-com.fr\/echoppe\/wp-json\/wp\/v2\/media?parent=25866"}],"wp:term":[{"taxonomy":"product_cat","embeddable":true,"href":"https:\/\/www.hapy-com.fr\/echoppe\/wp-json\/wp\/v2\/product_cat?post=25866"},{"taxonomy":"product_tag","embeddable":true,"href":"https:\/\/www.hapy-com.fr\/echoppe\/wp-json\/wp\/v2\/product_tag?post=25866"}],"curies":[{"name":"wp","href":"https:\/\/api.w.org\/{rel}","templated":true}]}}