{"id":25869,"date":"2022-06-24T14:38:47","date_gmt":"2022-06-24T12:38:47","guid":{"rendered":"http:\/\/www.hapy-com.fr\/echoppe\/product\/set-bandes-de-resistance-bork\/"},"modified":"2022-06-24T14:38:47","modified_gmt":"2022-06-24T12:38:47","slug":"set-bandes-de-resistance-bork","status":"publish","type":"product","link":"https:\/\/www.hapy-com.fr\/echoppe\/product\/set-bandes-de-resistance-bork\/","title":{"rendered":"Set Bandes de R\u00e9sistance Bork"},"content":{"rendered":"<p>Ensemble d\u2019\u00e9lastiques pour les plus sportifs. Comprend 3 bandes de 30&#215;5 cm, faites de mat\u00e9riaux TPE durables et de 3 niveaux de r\u00e9sistance : l\u00e9ger, moyen et fort. Pr\u00e9sent\u00e9 dans une pochette de polyester avec fermeture en cordon et accessoire d\u2019ajustement<\/p>\n","protected":false},"excerpt":{"rendered":"<p>Ensemble d\u2019\u00e9lastiques pour les plus sportifs. Comprend 3 bandes de 30&#215;5 cm, faites de mat\u00e9riaux TPE durables et de 3 niveaux de r\u00e9sistance : l\u00e9ger, moyen et fort. Pr\u00e9sent\u00e9 dans&#8230;<\/p>\n","protected":false},"featured_media":25867,"template":"","meta":[],"product_cat":[364],"product_tag":[],"class_list":{"0":"post-25869","1":"product","2":"type-product","3":"status-publish","4":"has-post-thumbnail","6":"product_cat-sport-et-aventure","8":"first","9":"instock","10":"shipping-taxable","11":"purchasable","12":"product-type-simple"},"_links":{"self":[{"href":"https:\/\/www.hapy-com.fr\/echoppe\/wp-json\/wp\/v2\/product\/25869","targetHints":{"allow":["GET"]}}],"collection":[{"href":"https:\/\/www.hapy-com.fr\/echoppe\/wp-json\/wp\/v2\/product"}],"about":[{"href":"https:\/\/www.hapy-com.fr\/echoppe\/wp-json\/wp\/v2\/types\/product"}],"wp:featuredmedia":[{"embeddable":true,"href":"https:\/\/www.hapy-com.fr\/echoppe\/wp-json\/wp\/v2\/media\/25867"}],"wp:attachment":[{"href":"https:\/\/www.hapy-com.fr\/echoppe\/wp-json\/wp\/v2\/media?parent=25869"}],"wp:term":[{"taxonomy":"product_cat","embeddable":true,"href":"https:\/\/www.hapy-com.fr\/echoppe\/wp-json\/wp\/v2\/product_cat?post=25869"},{"taxonomy":"product_tag","embeddable":true,"href":"https:\/\/www.hapy-com.fr\/echoppe\/wp-json\/wp\/v2\/product_tag?post=25869"}],"curies":[{"name":"wp","href":"https:\/\/api.w.org\/{rel}","templated":true}]}}