{"id":25872,"date":"2022-06-24T14:38:50","date_gmt":"2022-06-24T12:38:50","guid":{"rendered":"http:\/\/www.hapy-com.fr\/echoppe\/product\/set-fitness-zhiax\/"},"modified":"2022-06-24T14:38:50","modified_gmt":"2022-06-24T12:38:50","slug":"set-fitness-zhiax","status":"publish","type":"product","link":"https:\/\/www.hapy-com.fr\/echoppe\/product\/set-fitness-zhiax\/","title":{"rendered":"Set Fitness Zhiax"},"content":{"rendered":"<p>Ensemble d\u00b4 \u00e9lastique en caoutchouc et corde \u00e0 saut\u00e9 pour les plus sportifs. Comprend:  Ruban 1 x 25&#215;5 cm en mat\u00e9riau TPE durable et r\u00e9sistance moyenne  1 corde \u00e0 saut\u00e9 de 260 cm, avec poign\u00e9es en mat\u00e9riau HIPS r\u00e9sistant doubl\u00e9 en EVA.   Pr\u00e9sent\u00e9 dans une pochette en polyester avec la fermeture en cordon et accessoire d\u2019ajustement.<\/p>\n","protected":false},"excerpt":{"rendered":"<p>Ensemble d\u00b4 \u00e9lastique en caoutchouc et corde \u00e0 saut\u00e9 pour les plus sportifs. Comprend: Ruban 1 x 25&#215;5 cm en mat\u00e9riau TPE durable et r\u00e9sistance moyenne 1 corde \u00e0 saut\u00e9&#8230;<\/p>\n","protected":false},"featured_media":25870,"template":"","meta":[],"product_cat":[364],"product_tag":[],"class_list":{"0":"post-25872","1":"product","2":"type-product","3":"status-publish","4":"has-post-thumbnail","6":"product_cat-sport-et-aventure","8":"first","9":"instock","10":"shipping-taxable","11":"purchasable","12":"product-type-simple"},"_links":{"self":[{"href":"https:\/\/www.hapy-com.fr\/echoppe\/wp-json\/wp\/v2\/product\/25872","targetHints":{"allow":["GET"]}}],"collection":[{"href":"https:\/\/www.hapy-com.fr\/echoppe\/wp-json\/wp\/v2\/product"}],"about":[{"href":"https:\/\/www.hapy-com.fr\/echoppe\/wp-json\/wp\/v2\/types\/product"}],"wp:featuredmedia":[{"embeddable":true,"href":"https:\/\/www.hapy-com.fr\/echoppe\/wp-json\/wp\/v2\/media\/25870"}],"wp:attachment":[{"href":"https:\/\/www.hapy-com.fr\/echoppe\/wp-json\/wp\/v2\/media?parent=25872"}],"wp:term":[{"taxonomy":"product_cat","embeddable":true,"href":"https:\/\/www.hapy-com.fr\/echoppe\/wp-json\/wp\/v2\/product_cat?post=25872"},{"taxonomy":"product_tag","embeddable":true,"href":"https:\/\/www.hapy-com.fr\/echoppe\/wp-json\/wp\/v2\/product_tag?post=25872"}],"curies":[{"name":"wp","href":"https:\/\/api.w.org\/{rel}","templated":true}]}}