{"id":25875,"date":"2022-06-24T14:38:53","date_gmt":"2022-06-24T12:38:53","guid":{"rendered":"http:\/\/www.hapy-com.fr\/echoppe\/product\/canif-multi-usages-titan\/"},"modified":"2022-06-24T14:38:53","modified_gmt":"2022-06-24T12:38:53","slug":"canif-multi-usages-titan","status":"publish","type":"product","link":"https:\/\/www.hapy-com.fr\/echoppe\/product\/canif-multi-usages-titan\/","title":{"rendered":"Canif Multi-Usages Titan"},"content":{"rendered":"<p>Couteau polyvalent de ligne naturelle, en combinaison des mat\u00e9riaux en bambou et en l\u2019acier inoxydable, avec 9 fonctions. Comprend couteau, ouvre-couteaux, ciseaux, chaux, tournevis, tire-bouchon&#8230; Avec du ruban de transport en cuir et pr\u00e9sent\u00e9 dans une bo\u00eete individuelle.<\/p>\n","protected":false},"excerpt":{"rendered":"<p>Couteau polyvalent de ligne naturelle, en combinaison des mat\u00e9riaux en bambou et en l\u2019acier inoxydable, avec 9 fonctions. Comprend couteau, ouvre-couteaux, ciseaux, chaux, tournevis, tire-bouchon&#8230; Avec du ruban de transport&#8230;<\/p>\n","protected":false},"featured_media":25873,"template":"","meta":[],"product_cat":[364],"product_tag":[],"class_list":{"0":"post-25875","1":"product","2":"type-product","3":"status-publish","4":"has-post-thumbnail","6":"product_cat-sport-et-aventure","8":"first","9":"instock","10":"shipping-taxable","11":"purchasable","12":"product-type-simple"},"_links":{"self":[{"href":"https:\/\/www.hapy-com.fr\/echoppe\/wp-json\/wp\/v2\/product\/25875","targetHints":{"allow":["GET"]}}],"collection":[{"href":"https:\/\/www.hapy-com.fr\/echoppe\/wp-json\/wp\/v2\/product"}],"about":[{"href":"https:\/\/www.hapy-com.fr\/echoppe\/wp-json\/wp\/v2\/types\/product"}],"wp:featuredmedia":[{"embeddable":true,"href":"https:\/\/www.hapy-com.fr\/echoppe\/wp-json\/wp\/v2\/media\/25873"}],"wp:attachment":[{"href":"https:\/\/www.hapy-com.fr\/echoppe\/wp-json\/wp\/v2\/media?parent=25875"}],"wp:term":[{"taxonomy":"product_cat","embeddable":true,"href":"https:\/\/www.hapy-com.fr\/echoppe\/wp-json\/wp\/v2\/product_cat?post=25875"},{"taxonomy":"product_tag","embeddable":true,"href":"https:\/\/www.hapy-com.fr\/echoppe\/wp-json\/wp\/v2\/product_tag?post=25875"}],"curies":[{"name":"wp","href":"https:\/\/api.w.org\/{rel}","templated":true}]}}