{"id":25878,"date":"2022-06-24T14:38:56","date_gmt":"2022-06-24T12:38:56","guid":{"rendered":"http:\/\/www.hapy-com.fr\/echoppe\/product\/canif-sultan\/"},"modified":"2022-06-24T14:38:56","modified_gmt":"2022-06-24T12:38:56","slug":"canif-sultan","status":"publish","type":"product","link":"https:\/\/www.hapy-com.fr\/echoppe\/product\/canif-sultan\/","title":{"rendered":"Canif Sultan"},"content":{"rendered":"<p>Couteau en ligne naturelle avec lame en acier inoxydable et poign\u00e9e en bambou robuste avec serrure de s\u00e9curit\u00e9. Avec du ruban de transport en cuir et pr\u00e9sent\u00e9 dans une bo\u00eete individuelle.<\/p>\n","protected":false},"excerpt":{"rendered":"<p>Couteau en ligne naturelle avec lame en acier inoxydable et poign\u00e9e en bambou robuste avec serrure de s\u00e9curit\u00e9. Avec du ruban de transport en cuir et pr\u00e9sent\u00e9 dans une bo\u00eete&#8230;<\/p>\n","protected":false},"featured_media":25876,"template":"","meta":[],"product_cat":[364],"product_tag":[],"class_list":{"0":"post-25878","1":"product","2":"type-product","3":"status-publish","4":"has-post-thumbnail","6":"product_cat-sport-et-aventure","8":"first","9":"instock","10":"shipping-taxable","11":"purchasable","12":"product-type-simple"},"_links":{"self":[{"href":"https:\/\/www.hapy-com.fr\/echoppe\/wp-json\/wp\/v2\/product\/25878","targetHints":{"allow":["GET"]}}],"collection":[{"href":"https:\/\/www.hapy-com.fr\/echoppe\/wp-json\/wp\/v2\/product"}],"about":[{"href":"https:\/\/www.hapy-com.fr\/echoppe\/wp-json\/wp\/v2\/types\/product"}],"wp:featuredmedia":[{"embeddable":true,"href":"https:\/\/www.hapy-com.fr\/echoppe\/wp-json\/wp\/v2\/media\/25876"}],"wp:attachment":[{"href":"https:\/\/www.hapy-com.fr\/echoppe\/wp-json\/wp\/v2\/media?parent=25878"}],"wp:term":[{"taxonomy":"product_cat","embeddable":true,"href":"https:\/\/www.hapy-com.fr\/echoppe\/wp-json\/wp\/v2\/product_cat?post=25878"},{"taxonomy":"product_tag","embeddable":true,"href":"https:\/\/www.hapy-com.fr\/echoppe\/wp-json\/wp\/v2\/product_tag?post=25878"}],"curies":[{"name":"wp","href":"https:\/\/api.w.org\/{rel}","templated":true}]}}