{"id":25939,"date":"2022-06-24T14:39:53","date_gmt":"2022-06-24T12:39:53","guid":{"rendered":"http:\/\/www.hapy-com.fr\/echoppe\/product\/serviette-absorbante-yarg-3\/"},"modified":"2022-06-24T14:39:53","modified_gmt":"2022-06-24T12:39:53","slug":"serviette-absorbante-yarg-3","status":"publish","type":"product","link":"https:\/\/www.hapy-com.fr\/echoppe\/product\/serviette-absorbante-yarg-3\/","title":{"rendered":"Serviette Absorbante Yarg"},"content":{"rendered":"<p>Serviette absorbante en microfibre douce. Dimensions 138 x 72cm en 200 g\/m2. Couleurs vari\u00e9es. Pr\u00e9sent\u00e9e dans un sac de transport pratique en filet avec accessoire de fermeture. *Pour les commandes avec impression, le co\u00fbt du marquage doit \u00eatre major\u00e9 de + 0,20 \/ unit\u00e9 pour traitement sp\u00e9cial.*<\/p>\n","protected":false},"excerpt":{"rendered":"<p>Serviette absorbante en microfibre douce. Dimensions 138 x 72cm en 200 g\/m2. Couleurs vari\u00e9es. Pr\u00e9sent\u00e9e dans un sac de transport pratique en filet avec accessoire de fermeture. *Pour les commandes&#8230;<\/p>\n","protected":false},"featured_media":25935,"template":"","meta":[],"product_cat":[364],"product_tag":[],"class_list":{"0":"post-25939","1":"product","2":"type-product","3":"status-publish","4":"has-post-thumbnail","6":"product_cat-sport-et-aventure","8":"first","9":"instock","10":"shipping-taxable","11":"purchasable","12":"product-type-simple"},"_links":{"self":[{"href":"https:\/\/www.hapy-com.fr\/echoppe\/wp-json\/wp\/v2\/product\/25939","targetHints":{"allow":["GET"]}}],"collection":[{"href":"https:\/\/www.hapy-com.fr\/echoppe\/wp-json\/wp\/v2\/product"}],"about":[{"href":"https:\/\/www.hapy-com.fr\/echoppe\/wp-json\/wp\/v2\/types\/product"}],"wp:featuredmedia":[{"embeddable":true,"href":"https:\/\/www.hapy-com.fr\/echoppe\/wp-json\/wp\/v2\/media\/25935"}],"wp:attachment":[{"href":"https:\/\/www.hapy-com.fr\/echoppe\/wp-json\/wp\/v2\/media?parent=25939"}],"wp:term":[{"taxonomy":"product_cat","embeddable":true,"href":"https:\/\/www.hapy-com.fr\/echoppe\/wp-json\/wp\/v2\/product_cat?post=25939"},{"taxonomy":"product_tag","embeddable":true,"href":"https:\/\/www.hapy-com.fr\/echoppe\/wp-json\/wp\/v2\/product_tag?post=25939"}],"curies":[{"name":"wp","href":"https:\/\/api.w.org\/{rel}","templated":true}]}}