{"id":25976,"date":"2022-06-24T14:40:25","date_gmt":"2022-06-24T12:40:25","guid":{"rendered":"http:\/\/www.hapy-com.fr\/echoppe\/product\/sac-chaussures-shoe-3\/"},"modified":"2022-06-24T14:40:25","modified_gmt":"2022-06-24T12:40:25","slug":"sac-chaussures-shoe-3","status":"publish","type":"product","link":"https:\/\/www.hapy-com.fr\/echoppe\/product\/sac-chaussures-shoe-3\/","title":{"rendered":"Sac Chaussures Shoe"},"content":{"rendered":"<p>Sac \u00e0 chaussures en polyester 420D avec fermeture zipp\u00e9e et poign\u00e9e de transport confortable. Filet de ventilation et liser\u00e9 de renfort en gris assorti. Couleurs vari\u00e9es.<\/p>\n","protected":false},"excerpt":{"rendered":"<p>Sac \u00e0 chaussures en polyester 420D avec fermeture zipp\u00e9e et poign\u00e9e de transport confortable. Filet de ventilation et liser\u00e9 de renfort en gris assorti. Couleurs vari\u00e9es.<\/p>\n","protected":false},"featured_media":25975,"template":"","meta":[],"product_cat":[364],"product_tag":[],"class_list":{"0":"post-25976","1":"product","2":"type-product","3":"status-publish","4":"has-post-thumbnail","6":"product_cat-sport-et-aventure","8":"first","9":"instock","10":"shipping-taxable","11":"purchasable","12":"product-type-simple"},"_links":{"self":[{"href":"https:\/\/www.hapy-com.fr\/echoppe\/wp-json\/wp\/v2\/product\/25976","targetHints":{"allow":["GET"]}}],"collection":[{"href":"https:\/\/www.hapy-com.fr\/echoppe\/wp-json\/wp\/v2\/product"}],"about":[{"href":"https:\/\/www.hapy-com.fr\/echoppe\/wp-json\/wp\/v2\/types\/product"}],"wp:featuredmedia":[{"embeddable":true,"href":"https:\/\/www.hapy-com.fr\/echoppe\/wp-json\/wp\/v2\/media\/25975"}],"wp:attachment":[{"href":"https:\/\/www.hapy-com.fr\/echoppe\/wp-json\/wp\/v2\/media?parent=25976"}],"wp:term":[{"taxonomy":"product_cat","embeddable":true,"href":"https:\/\/www.hapy-com.fr\/echoppe\/wp-json\/wp\/v2\/product_cat?post=25976"},{"taxonomy":"product_tag","embeddable":true,"href":"https:\/\/www.hapy-com.fr\/echoppe\/wp-json\/wp\/v2\/product_tag?post=25976"}],"curies":[{"name":"wp","href":"https:\/\/api.w.org\/{rel}","templated":true}]}}