{"id":26000,"date":"2022-06-24T14:40:43","date_gmt":"2022-06-24T12:40:43","guid":{"rendered":"http:\/\/www.hapy-com.fr\/echoppe\/product\/gilet-soviet\/"},"modified":"2022-06-24T14:40:43","modified_gmt":"2022-06-24T12:40:43","slug":"gilet-soviet","status":"publish","type":"product","link":"https:\/\/www.hapy-com.fr\/echoppe\/product\/gilet-soviet\/","title":{"rendered":"Gilet Soviet"},"content":{"rendered":"<p>Gilet sans manches en m\u00e9lange de coton et polyester r\u00e9sistant. Coloris vari\u00e9s. Fermeture principale \u00e0 zip, nombreuses poches sur le devant et les c\u00f4t\u00e9s et anneau m\u00e9tallique sur la partie sup\u00e9rieure du devant. Poches de grande contenance avec fermeture velcro. Disponible en tailles L, XL, XXL.<\/p>\n","protected":false},"excerpt":{"rendered":"<p>Gilet sans manches en m\u00e9lange de coton et polyester r\u00e9sistant. Coloris vari\u00e9s. Fermeture principale \u00e0 zip, nombreuses poches sur le devant et les c\u00f4t\u00e9s et anneau m\u00e9tallique sur la partie&#8230;<\/p>\n","protected":false},"featured_media":25998,"template":"","meta":[],"product_cat":[364],"product_tag":[],"class_list":{"0":"post-26000","1":"product","2":"type-product","3":"status-publish","4":"has-post-thumbnail","6":"product_cat-sport-et-aventure","8":"first","9":"instock","10":"shipping-taxable","11":"purchasable","12":"product-type-simple"},"_links":{"self":[{"href":"https:\/\/www.hapy-com.fr\/echoppe\/wp-json\/wp\/v2\/product\/26000","targetHints":{"allow":["GET"]}}],"collection":[{"href":"https:\/\/www.hapy-com.fr\/echoppe\/wp-json\/wp\/v2\/product"}],"about":[{"href":"https:\/\/www.hapy-com.fr\/echoppe\/wp-json\/wp\/v2\/types\/product"}],"wp:featuredmedia":[{"embeddable":true,"href":"https:\/\/www.hapy-com.fr\/echoppe\/wp-json\/wp\/v2\/media\/25998"}],"wp:attachment":[{"href":"https:\/\/www.hapy-com.fr\/echoppe\/wp-json\/wp\/v2\/media?parent=26000"}],"wp:term":[{"taxonomy":"product_cat","embeddable":true,"href":"https:\/\/www.hapy-com.fr\/echoppe\/wp-json\/wp\/v2\/product_cat?post=26000"},{"taxonomy":"product_tag","embeddable":true,"href":"https:\/\/www.hapy-com.fr\/echoppe\/wp-json\/wp\/v2\/product_tag?post=26000"}],"curies":[{"name":"wp","href":"https:\/\/api.w.org\/{rel}","templated":true}]}}