{"id":26013,"date":"2022-06-24T14:40:51","date_gmt":"2022-06-24T12:40:51","guid":{"rendered":"http:\/\/www.hapy-com.fr\/echoppe\/product\/kit-urgence-redcross\/"},"modified":"2022-06-24T14:40:51","modified_gmt":"2022-06-24T12:40:51","slug":"kit-urgence-redcross","status":"publish","type":"product","link":"https:\/\/www.hapy-com.fr\/echoppe\/product\/kit-urgence-redcross\/","title":{"rendered":"Kit Urgence Redcross"},"content":{"rendered":"<p>Trousse de secours en polyester 600D r\u00e9sistant contenant 17 accessoires. Fermeture \u00e0 rabat par Velcro. Comprend des bandages, des lingettes, des compresses alcoolis\u00e9es, du ruban adh\u00e9sif, des pinces, des ciseaux et un jeu de pansements de 4 tailles. Avec passant pour la ceinture sur la partie arri\u00e8re. Couleurs vives.<\/p>\n","protected":false},"excerpt":{"rendered":"<p>Trousse de secours en polyester 600D r\u00e9sistant contenant 17 accessoires. Fermeture \u00e0 rabat par Velcro. Comprend des bandages, des lingettes, des compresses alcoolis\u00e9es, du ruban adh\u00e9sif, des pinces, des ciseaux&#8230;<\/p>\n","protected":false},"featured_media":26011,"template":"","meta":[],"product_cat":[364],"product_tag":[],"class_list":{"0":"post-26013","1":"product","2":"type-product","3":"status-publish","4":"has-post-thumbnail","6":"product_cat-sport-et-aventure","8":"first","9":"instock","10":"shipping-taxable","11":"purchasable","12":"product-type-simple"},"_links":{"self":[{"href":"https:\/\/www.hapy-com.fr\/echoppe\/wp-json\/wp\/v2\/product\/26013","targetHints":{"allow":["GET"]}}],"collection":[{"href":"https:\/\/www.hapy-com.fr\/echoppe\/wp-json\/wp\/v2\/product"}],"about":[{"href":"https:\/\/www.hapy-com.fr\/echoppe\/wp-json\/wp\/v2\/types\/product"}],"wp:featuredmedia":[{"embeddable":true,"href":"https:\/\/www.hapy-com.fr\/echoppe\/wp-json\/wp\/v2\/media\/26011"}],"wp:attachment":[{"href":"https:\/\/www.hapy-com.fr\/echoppe\/wp-json\/wp\/v2\/media?parent=26013"}],"wp:term":[{"taxonomy":"product_cat","embeddable":true,"href":"https:\/\/www.hapy-com.fr\/echoppe\/wp-json\/wp\/v2\/product_cat?post=26013"},{"taxonomy":"product_tag","embeddable":true,"href":"https:\/\/www.hapy-com.fr\/echoppe\/wp-json\/wp\/v2\/product_tag?post=26013"}],"curies":[{"name":"wp","href":"https:\/\/api.w.org\/{rel}","templated":true}]}}