{"id":26016,"date":"2022-06-24T14:40:53","date_gmt":"2022-06-24T12:40:53","guid":{"rendered":"http:\/\/www.hapy-com.fr\/echoppe\/product\/bracelet-reflective\/"},"modified":"2022-06-24T14:40:53","modified_gmt":"2022-06-24T12:40:53","slug":"bracelet-reflective","status":"publish","type":"product","link":"https:\/\/www.hapy-com.fr\/echoppe\/product\/bracelet-reflective\/","title":{"rendered":"Bracelet Reflective"},"content":{"rendered":"<p>Bracelet r\u00e9fl\u00e9chissant en PVC avec syst\u00e8me d\u00b4ajustement automatique. Couleurs vives et vari\u00e9es.<\/p>\n","protected":false},"excerpt":{"rendered":"<p>Bracelet r\u00e9fl\u00e9chissant en PVC avec syst\u00e8me d\u00b4ajustement automatique. Couleurs vives et vari\u00e9es.<\/p>\n","protected":false},"featured_media":26015,"template":"","meta":[],"product_cat":[364],"product_tag":[],"class_list":{"0":"post-26016","1":"product","2":"type-product","3":"status-publish","4":"has-post-thumbnail","6":"product_cat-sport-et-aventure","8":"first","9":"instock","10":"shipping-taxable","11":"purchasable","12":"product-type-simple"},"_links":{"self":[{"href":"https:\/\/www.hapy-com.fr\/echoppe\/wp-json\/wp\/v2\/product\/26016","targetHints":{"allow":["GET"]}}],"collection":[{"href":"https:\/\/www.hapy-com.fr\/echoppe\/wp-json\/wp\/v2\/product"}],"about":[{"href":"https:\/\/www.hapy-com.fr\/echoppe\/wp-json\/wp\/v2\/types\/product"}],"wp:featuredmedia":[{"embeddable":true,"href":"https:\/\/www.hapy-com.fr\/echoppe\/wp-json\/wp\/v2\/media\/26015"}],"wp:attachment":[{"href":"https:\/\/www.hapy-com.fr\/echoppe\/wp-json\/wp\/v2\/media?parent=26016"}],"wp:term":[{"taxonomy":"product_cat","embeddable":true,"href":"https:\/\/www.hapy-com.fr\/echoppe\/wp-json\/wp\/v2\/product_cat?post=26016"},{"taxonomy":"product_tag","embeddable":true,"href":"https:\/\/www.hapy-com.fr\/echoppe\/wp-json\/wp\/v2\/product_tag?post=26016"}],"curies":[{"name":"wp","href":"https:\/\/api.w.org\/{rel}","templated":true}]}}